{"id":28939,"date":"2023-01-16T12:22:36","date_gmt":"2023-01-16T10:22:36","guid":{"rendered":"https:\/\/chg.es\/?page_id=28939"},"modified":"2025-01-13T16:15:52","modified_gmt":"2025-01-13T14:15:52","slug":"servicio-posventa-beneficios-de-ser-cliente-chg","status":"publish","type":"page","link":"https:\/\/chg.es\/en\/servicio-posventa-beneficios-de-ser-cliente-chg","title":{"rendered":"Servicio Postventa CHG"},"content":{"rendered":"\t\t<div data-elementor-type=\"wp-page\" data-elementor-id=\"28939\" class=\"elementor elementor-28939\" data-elementor-post-type=\"page\">\n\t\t\t\t\t\t<section class=\"elementor-section elementor-top-section elementor-element elementor-element-d4b5dd9 elementor-section-full_width custom-header header-sm elementor-section-content-middle elementor-section-height-default elementor-section-height-default\" data-id=\"d4b5dd9\" data-element_type=\"section\" data-settings=\"{&quot;background_background&quot;:&quot;classic&quot;}\">\n\t\t\t\t\t\t\t<div class=\"elementor-background-overlay\"><\/div>\n\t\t\t\t\t\t\t<div class=\"elementor-container elementor-column-gap-no\">\n\t\t\t\t\t<div class=\"elementor-column elementor-col-100 elementor-top-column elementor-element elementor-element-59dc9590\" data-id=\"59dc9590\" data-element_type=\"column\">\n\t\t\t<div class=\"elementor-widget-wrap elementor-element-populated\">\n\t\t\t\t\t\t<div class=\"elementor-element elementor-element-3f6e10df elementor-widget elementor-widget-heading\" data-id=\"3f6e10df\" data-element_type=\"widget\" data-widget_type=\"heading.default\">\n\t\t\t\t<div class=\"elementor-widget-container\">\n\t\t\t<h1 class=\"elementor-heading-title elementor-size-default\">Servicio Postventa<\/h1>\t\t<\/div>\n\t\t\t\t<\/div>\n\t\t\t\t<div class=\"elementor-element elementor-element-3e3aac0e elementor-align-center custom-breadcrums no-parent elementor-widget elementor-widget-breadcrumbs\" data-id=\"3e3aac0e\" data-element_type=\"widget\" data-widget_type=\"breadcrumbs.default\">\n\t\t\t\t<div class=\"elementor-widget-container\">\n\t\t\t<p id=\"breadcrumbs\"><span><span><a href=\"https:\/\/chg.es\/terrace-season-has-started-here-s-how-to-enjoy-it-to-the-fullest\">Home<\/a><\/span><\/span><\/p>\t\t<\/div>\n\t\t\t\t<\/div>\n\t\t\t\t\t<\/div>\n\t\t<\/div>\n\t\t\t\t\t<\/div>\n\t\t<\/section>\n\t\t\t\t<section class=\"elementor-section elementor-top-section elementor-element elementor-element-34b96607 section-descubre elementor-section-boxed elementor-section-height-default elementor-section-height-default\" data-id=\"34b96607\" data-element_type=\"section\">\n\t\t\t\t\t\t<div class=\"elementor-container elementor-column-gap-default\">\n\t\t\t\t\t<div class=\"elementor-column elementor-col-100 elementor-top-column elementor-element elementor-element-ea3de\" data-id=\"ea3de\" data-element_type=\"column\">\n\t\t\t<div class=\"elementor-widget-wrap elementor-element-populated\">\n\t\t\t\t\t\t<div class=\"elementor-element elementor-element-2cd7d139 title-logo-bg-sm elementor-widget elementor-widget-heading\" data-id=\"2cd7d139\" data-element_type=\"widget\" data-widget_type=\"heading.default\">\n\t\t\t\t<div class=\"elementor-widget-container\">\n\t\t\t<h2 class=\"elementor-heading-title elementor-size-default\">Descubra los beneficios de ser cliente CHG<\/h2>\t\t<\/div>\n\t\t\t\t<\/div>\n\t\t\t\t<div class=\"elementor-element elementor-element-62c74e3 elementor-widget elementor-widget-text-editor\" data-id=\"62c74e3\" data-element_type=\"widget\" data-widget_type=\"text-editor.default\">\n\t\t\t\t<div class=\"elementor-widget-container\">\n\t\t\t\t\t\t\t<p><strong style=\"color: var( --e-global-color-text );letter-spacing: var(--the7-base-letter-spacing);text-transform: var(--the7-base-text-transform)\">Uno de los principales beneficios de ser cliente de<\/strong><a href=\"https:\/\/chg.es\/\" target=\"_blank\" rel=\"noopener\"> CHG<\/a><strong style=\"color: var( --e-global-color-text );letter-spacing: var(--the7-base-letter-spacing);text-transform: var(--the7-base-text-transform)\">\u00a0 en\u00a0<\/strong><a href=\"https:\/\/www.olivanova.com\/es\" target=\"_blank\" rel=\"noopener\">Oliva Nova Beach &amp; Golf Resort *****\u00a0\u00a0<\/a><span style=\"color: var( --e-global-color-text );font-weight: var( --e-global-typography-text-font-weight );letter-spacing: var(--the7-base-letter-spacing);text-transform: var(--the7-base-text-transform)\">es el acceso a un <\/span><b style=\"color: var( --e-global-color-text );letter-spacing: var(--the7-base-letter-spacing);text-transform: var(--the7-base-text-transform)\">servicio de<\/b> <b style=\"color: var( --e-global-color-text );letter-spacing: var(--the7-base-letter-spacing);text-transform: var(--the7-base-text-transform)\">postventa exclusivo y personalizado.<\/b><\/p><p>A continuaci\u00f3n, le presentamos algunos de los privilegios que le ofrecemos como cliente de CHG:<span style=\"color: var( --e-global-color-text );font-weight: var( --e-global-typography-text-font-weight );letter-spacing: var(--the7-base-letter-spacing);text-transform: var(--the7-base-text-transform)\"><br \/><\/span><\/p>\t\t\t\t\t\t<\/div>\n\t\t\t\t<\/div>\n\t\t\t\t\t<\/div>\n\t\t<\/div>\n\t\t\t\t\t<\/div>\n\t\t<\/section>\n\t\t\t\t<section class=\"elementor-section elementor-top-section elementor-element elementor-element-4e60793c elementor-section-boxed elementor-section-height-default elementor-section-height-default\" data-id=\"4e60793c\" data-element_type=\"section\">\n\t\t\t\t\t\t<div class=\"elementor-container elementor-column-gap-default\">\n\t\t\t\t\t<div class=\"elementor-column elementor-col-33 elementor-top-column elementor-element elementor-element-7f9b5ddb\" data-id=\"7f9b5ddb\" data-element_type=\"column\" data-settings=\"{&quot;background_background&quot;:&quot;gradient&quot;}\">\n\t\t\t<div class=\"elementor-widget-wrap elementor-element-populated\">\n\t\t\t\t\t\t<div class=\"elementor-element elementor-element-6165409c elementor-widget elementor-widget-heading\" data-id=\"6165409c\" data-element_type=\"widget\" data-widget_type=\"heading.default\">\n\t\t\t\t<div class=\"elementor-widget-container\">\n\t\t\t<h2 class=\"elementor-heading-title elementor-size-default\">Mantenimiento del hogar<\/h2>\t\t<\/div>\n\t\t\t\t<\/div>\n\t\t\t\t\t<\/div>\n\t\t<\/div>\n\t\t\t\t<div class=\"elementor-column elementor-col-33 elementor-top-column elementor-element elementor-element-3400865e\" data-id=\"3400865e\" data-element_type=\"column\">\n\t\t\t<div class=\"elementor-widget-wrap elementor-element-populated\">\n\t\t\t\t\t\t<div class=\"elementor-element elementor-element-7079c468 elementor-widget elementor-widget-heading\" data-id=\"7079c468\" data-element_type=\"widget\" data-widget_type=\"heading.default\">\n\t\t\t\t<div class=\"elementor-widget-container\">\n\t\t\t<h2 class=\"elementor-heading-title elementor-size-default\">Jardines y piscinas<\/h2>\t\t<\/div>\n\t\t\t\t<\/div>\n\t\t\t\t\t<\/div>\n\t\t<\/div>\n\t\t\t\t<div class=\"elementor-column elementor-col-33 elementor-top-column elementor-element elementor-element-69b8ab2a\" data-id=\"69b8ab2a\" data-element_type=\"column\">\n\t\t\t<div class=\"elementor-widget-wrap elementor-element-populated\">\n\t\t\t\t\t\t<div class=\"elementor-element elementor-element-1d938a7a elementor-widget elementor-widget-heading\" data-id=\"1d938a7a\" data-element_type=\"widget\" data-widget_type=\"heading.default\">\n\t\t\t\t<div class=\"elementor-widget-container\">\n\t\t\t<h2 class=\"elementor-heading-title elementor-size-default\">Tramitaci\u00f3n y gesti\u00f3n de facturas de servicios<\/h2>\t\t<\/div>\n\t\t\t\t<\/div>\n\t\t\t\t\t<\/div>\n\t\t<\/div>\n\t\t\t\t\t<\/div>\n\t\t<\/section>\n\t\t\t\t<section class=\"elementor-section elementor-top-section elementor-element elementor-element-658396f4 elementor-section-boxed elementor-section-height-default elementor-section-height-default\" data-id=\"658396f4\" data-element_type=\"section\">\n\t\t\t\t\t\t<div class=\"elementor-container elementor-column-gap-default\">\n\t\t\t\t\t<div class=\"elementor-column elementor-col-33 elementor-top-column elementor-element elementor-element-be358fd\" data-id=\"be358fd\" data-element_type=\"column\">\n\t\t\t<div class=\"elementor-widget-wrap elementor-element-populated\">\n\t\t\t\t\t\t<div class=\"elementor-element elementor-element-b3355c0 elementor-widget elementor-widget-heading\" data-id=\"b3355c0\" data-element_type=\"widget\" data-widget_type=\"heading.default\">\n\t\t\t\t<div class=\"elementor-widget-container\">\n\t\t\t<h2 class=\"elementor-heading-title elementor-size-default\">Interpretaci\u00f3n y traducci\u00f3n para clientes extranjeros<\/h2>\t\t<\/div>\n\t\t\t\t<\/div>\n\t\t\t\t\t<\/div>\n\t\t<\/div>\n\t\t\t\t<div class=\"elementor-column elementor-col-33 elementor-top-column elementor-element elementor-element-24f91d4c\" data-id=\"24f91d4c\" data-element_type=\"column\">\n\t\t\t<div class=\"elementor-widget-wrap elementor-element-populated\">\n\t\t\t\t\t\t<div class=\"elementor-element elementor-element-558d5a0e elementor-widget elementor-widget-heading\" data-id=\"558d5a0e\" data-element_type=\"widget\" data-widget_type=\"heading.default\">\n\t\t\t\t<div class=\"elementor-widget-container\">\n\t\t\t<h2 class=\"elementor-heading-title elementor-size-default\">Solicitud de l\u00ednea telef\u00f3nica<\/h2>\t\t<\/div>\n\t\t\t\t<\/div>\n\t\t\t\t\t<\/div>\n\t\t<\/div>\n\t\t\t\t<div class=\"elementor-column elementor-col-33 elementor-top-column elementor-element elementor-element-2aa543ad\" data-id=\"2aa543ad\" data-element_type=\"column\">\n\t\t\t<div class=\"elementor-widget-wrap elementor-element-populated\">\n\t\t\t\t\t\t<div class=\"elementor-element elementor-element-48219994 elementor-widget elementor-widget-heading\" data-id=\"48219994\" data-element_type=\"widget\" data-widget_type=\"heading.default\">\n\t\t\t\t<div class=\"elementor-widget-container\">\n\t\t\t<h2 class=\"elementor-heading-title elementor-size-default\">Gesti\u00f3n de correspondencia y autorizaciones<\/h2>\t\t<\/div>\n\t\t\t\t<\/div>\n\t\t\t\t\t<\/div>\n\t\t<\/div>\n\t\t\t\t\t<\/div>\n\t\t<\/section>\n\t\t\t\t<section class=\"elementor-section elementor-top-section elementor-element elementor-element-3c491f95 elementor-section-boxed elementor-section-height-default elementor-section-height-default\" data-id=\"3c491f95\" data-element_type=\"section\">\n\t\t\t\t\t\t<div class=\"elementor-container elementor-column-gap-default\">\n\t\t\t\t\t<div class=\"elementor-column elementor-col-33 elementor-top-column elementor-element elementor-element-9845db6\" data-id=\"9845db6\" data-element_type=\"column\">\n\t\t\t<div class=\"elementor-widget-wrap elementor-element-populated\">\n\t\t\t\t\t\t<div class=\"elementor-element elementor-element-1891773b elementor-widget elementor-widget-heading\" data-id=\"1891773b\" data-element_type=\"widget\" data-widget_type=\"heading.default\">\n\t\t\t\t<div class=\"elementor-widget-container\">\n\t\t\t<h2 class=\"elementor-heading-title elementor-size-default\">Garant\u00eda de 12 meses en defectos<\/h2>\t\t<\/div>\n\t\t\t\t<\/div>\n\t\t\t\t\t<\/div>\n\t\t<\/div>\n\t\t\t\t<div class=\"elementor-column elementor-col-33 elementor-top-column elementor-element elementor-element-398dcc2c\" data-id=\"398dcc2c\" data-element_type=\"column\">\n\t\t\t<div class=\"elementor-widget-wrap elementor-element-populated\">\n\t\t\t\t\t\t<div class=\"elementor-element elementor-element-41b0e2b9 elementor-widget elementor-widget-heading\" data-id=\"41b0e2b9\" data-element_type=\"widget\" data-widget_type=\"heading.default\">\n\t\t\t\t<div class=\"elementor-widget-container\">\n\t\t\t<h2 class=\"elementor-heading-title elementor-size-default\">Opci\u00f3n a Plan Escalonado<\/h2>\t\t<\/div>\n\t\t\t\t<\/div>\n\t\t\t\t\t<\/div>\n\t\t<\/div>\n\t\t\t\t<div class=\"elementor-column elementor-col-33 elementor-top-column elementor-element elementor-element-4dd29369\" data-id=\"4dd29369\" data-element_type=\"column\">\n\t\t\t<div class=\"elementor-widget-wrap elementor-element-populated\">\n\t\t\t\t\t\t<div class=\"elementor-element elementor-element-74f2c2f elementor-widget elementor-widget-heading\" data-id=\"74f2c2f\" data-element_type=\"widget\" data-widget_type=\"heading.default\">\n\t\t\t\t<div class=\"elementor-widget-container\">\n\t\t\t<h2 class=\"elementor-heading-title elementor-size-default\">Construcci\u00f3n avalada por el certificado UNE EN ISO 9001 <br><\/h2>\t\t<\/div>\n\t\t\t\t<\/div>\n\t\t\t\t\t<\/div>\n\t\t<\/div>\n\t\t\t\t\t<\/div>\n\t\t<\/section>\n\t\t\t\t<section class=\"elementor-section elementor-top-section elementor-element elementor-element-1cffb89 elementor-section-boxed elementor-section-height-default elementor-section-height-default\" data-id=\"1cffb89\" data-element_type=\"section\">\n\t\t\t\t\t\t<div class=\"elementor-container elementor-column-gap-default\">\n\t\t\t\t\t<div class=\"elementor-column elementor-col-100 elementor-top-column elementor-element elementor-element-3563b24\" data-id=\"3563b24\" data-element_type=\"column\">\n\t\t\t<div class=\"elementor-widget-wrap elementor-element-populated\">\n\t\t\t\t\t\t<div class=\"elementor-element elementor-element-340d826 elementor-widget elementor-widget-text-editor\" data-id=\"340d826\" data-element_type=\"widget\" data-widget_type=\"text-editor.default\">\n\t\t\t\t<div class=\"elementor-widget-container\">\n\t\t\t\t\t\t\t<p><strong style=\"letter-spacing: var(--the7-base-letter-spacing);text-transform: var(--the7-base-text-transform)\">Si lo desea, podr\u00e1 disfrutar de todos los beneficios de ser cliente CHG, incluyendo nuestro servicio de Alquiler de su residencia.<\/strong><\/p>\t\t\t\t\t\t<\/div>\n\t\t\t\t<\/div>\n\t\t\t\t\t<\/div>\n\t\t<\/div>\n\t\t\t\t\t<\/div>\n\t\t<\/section>\n\t\t\t\t<\/div>\n\t\t","protected":false},"excerpt":{"rendered":"<p>Servicio Postventa Descubra los beneficios de ser cliente CHG Uno de los principales beneficios de ser cliente de CHG\u00a0 en\u00a0Oliva Nova Beach &amp; Golf Resort *****\u00a0\u00a0es el acceso a un servicio de postventa exclusivo y personalizado. A continuaci\u00f3n, le presentamos algunos de los privilegios que le ofrecemos como cliente de CHG: Mantenimiento del hogar Jardines&hellip;<\/p>\n","protected":false},"author":1,"featured_media":0,"parent":0,"menu_order":0,"comment_status":"closed","ping_status":"closed","template":"elementor_header_footer","meta":{"footnotes":""},"class_list":["post-28939","page","type-page","status-publish","hentry"],"yoast_head":"<!-- This site is optimized with the Yoast SEO plugin v22.4 - https:\/\/yoast.com\/wordpress\/plugins\/seo\/ -->\n<title>Servicio Postventa CHG - CHG<\/title>\n<meta name=\"description\" content=\"Ser cliente de CHG supone m\u00faltiples beneficios y servicios postventa, mantenimiento de la casa, jard\u00edn y piscina y muchos otros servicios.\" \/>\n<meta name=\"robots\" content=\"index, follow, max-snippet:-1, max-image-preview:large, max-video-preview:-1\" \/>\n<link rel=\"canonical\" href=\"https:\/\/chg.es\/servicio-posventa-beneficios-de-ser-cliente-chg\" \/>\n<meta property=\"og:locale\" content=\"en_US\" \/>\n<meta property=\"og:type\" content=\"article\" \/>\n<meta property=\"og:title\" content=\"Servicio Postventa CHG - CHG\" \/>\n<meta property=\"og:description\" content=\"Ser cliente de CHG supone m\u00faltiples beneficios y servicios postventa, mantenimiento de la casa, jard\u00edn y piscina, o la tramitaci\u00f3n de las facturas de agua y luz\" \/>\n<meta property=\"og:url\" content=\"https:\/\/chg.es\/servicio-posventa-beneficios-de-ser-cliente-chg\" \/>\n<meta property=\"og:site_name\" content=\"CHG\" \/>\n<meta property=\"article:publisher\" content=\"https:\/\/www.facebook.com\/chgconstrucciones\/\" \/>\n<meta property=\"article:modified_time\" content=\"2025-01-13T14:15:52+00:00\" \/>\n<meta name=\"twitter:card\" content=\"summary_large_image\" \/>\n<meta name=\"twitter:title\" content=\"Servicio Postventa CHG - CHG\" \/>\n<meta name=\"twitter:description\" content=\"Ser cliente de CHG supone m\u00faltiples beneficios y servicios postventa, mantenimiento de la casa, jard\u00edn y piscina, o la tramitaci\u00f3n de las facturas de agua y luz\" \/>\n<meta name=\"twitter:label1\" content=\"Est. reading time\" \/>\n\t<meta name=\"twitter:data1\" content=\"1 minute\" \/>\n<script type=\"application\/ld+json\" class=\"yoast-schema-graph\">{\"@context\":\"https:\/\/schema.org\",\"@graph\":[{\"@type\":\"WebPage\",\"@id\":\"https:\/\/chg.es\/servicio-posventa-beneficios-de-ser-cliente-chg\",\"url\":\"https:\/\/chg.es\/servicio-posventa-beneficios-de-ser-cliente-chg\",\"name\":\"Servicio Postventa CHG - CHG\",\"isPartOf\":{\"@id\":\"https:\/\/chg.es\/en\/#website\"},\"datePublished\":\"2023-01-16T10:22:36+00:00\",\"dateModified\":\"2025-01-13T14:15:52+00:00\",\"description\":\"Ser cliente de CHG supone m\u00faltiples beneficios y servicios postventa, mantenimiento de la casa, jard\u00edn y piscina y muchos otros servicios.\",\"breadcrumb\":{\"@id\":\"https:\/\/chg.es\/servicio-posventa-beneficios-de-ser-cliente-chg#breadcrumb\"},\"inLanguage\":\"en-US\",\"potentialAction\":[{\"@type\":\"ReadAction\",\"target\":[\"https:\/\/chg.es\/servicio-posventa-beneficios-de-ser-cliente-chg\"]}]},{\"@type\":\"BreadcrumbList\",\"@id\":\"https:\/\/chg.es\/servicio-posventa-beneficios-de-ser-cliente-chg#breadcrumb\",\"itemListElement\":[{\"@type\":\"ListItem\",\"position\":1,\"name\":\"Home\",\"item\":\"https:\/\/chg.es\/terrace-season-has-started-here-s-how-to-enjoy-it-to-the-fullest\"},{\"@type\":\"ListItem\",\"position\":2,\"name\":\"Servicio Postventa CHG\"}]},{\"@type\":\"WebSite\",\"@id\":\"https:\/\/chg.es\/en\/#website\",\"url\":\"https:\/\/chg.es\/en\/\",\"name\":\"CHG\",\"description\":\"CHG\",\"publisher\":{\"@id\":\"https:\/\/chg.es\/en\/#organization\"},\"potentialAction\":[{\"@type\":\"SearchAction\",\"target\":{\"@type\":\"EntryPoint\",\"urlTemplate\":\"https:\/\/chg.es\/en\/?s={search_term_string}\"},\"query-input\":\"required name=search_term_string\"}],\"inLanguage\":\"en-US\"},{\"@type\":\"Organization\",\"@id\":\"https:\/\/chg.es\/en\/#organization\",\"name\":\"CHG\",\"url\":\"https:\/\/chg.es\/en\/\",\"logo\":{\"@type\":\"ImageObject\",\"inLanguage\":\"en-US\",\"@id\":\"https:\/\/chg.es\/en\/#\/schema\/logo\/image\/\",\"url\":\"https:\/\/chg.es\/wp-content\/uploads\/2022\/09\/logo-chg.svg\",\"contentUrl\":\"https:\/\/chg.es\/wp-content\/uploads\/2022\/09\/logo-chg.svg\",\"caption\":\"CHG\"},\"image\":{\"@id\":\"https:\/\/chg.es\/en\/#\/schema\/logo\/image\/\"},\"sameAs\":[\"https:\/\/www.facebook.com\/chgconstrucciones\/\",\"https:\/\/www.instagram.com\/chg.es\/\",\"https:\/\/www.linkedin.com\/company\/construcciones-hispano-germanas\/about\/\"]}]}<\/script>\n<!-- \/ Yoast SEO plugin. -->","yoast_head_json":{"title":"Servicio Postventa CHG - CHG","description":"Ser cliente de CHG supone m\u00faltiples beneficios y servicios postventa, mantenimiento de la casa, jard\u00edn y piscina y muchos otros servicios.","robots":{"index":"index","follow":"follow","max-snippet":"max-snippet:-1","max-image-preview":"max-image-preview:large","max-video-preview":"max-video-preview:-1"},"canonical":"https:\/\/chg.es\/servicio-posventa-beneficios-de-ser-cliente-chg","og_locale":"en_US","og_type":"article","og_title":"Servicio Postventa CHG - CHG","og_description":"Ser cliente de CHG supone m\u00faltiples beneficios y servicios postventa, mantenimiento de la casa, jard\u00edn y piscina, o la tramitaci\u00f3n de las facturas de agua y luz","og_url":"https:\/\/chg.es\/servicio-posventa-beneficios-de-ser-cliente-chg","og_site_name":"CHG","article_publisher":"https:\/\/www.facebook.com\/chgconstrucciones\/","article_modified_time":"2025-01-13T14:15:52+00:00","twitter_card":"summary_large_image","twitter_title":"Servicio Postventa CHG - CHG","twitter_description":"Ser cliente de CHG supone m\u00faltiples beneficios y servicios postventa, mantenimiento de la casa, jard\u00edn y piscina, o la tramitaci\u00f3n de las facturas de agua y luz","twitter_misc":{"Est. reading time":"1 minute"},"schema":{"@context":"https:\/\/schema.org","@graph":[{"@type":"WebPage","@id":"https:\/\/chg.es\/servicio-posventa-beneficios-de-ser-cliente-chg","url":"https:\/\/chg.es\/servicio-posventa-beneficios-de-ser-cliente-chg","name":"Servicio Postventa CHG - CHG","isPartOf":{"@id":"https:\/\/chg.es\/en\/#website"},"datePublished":"2023-01-16T10:22:36+00:00","dateModified":"2025-01-13T14:15:52+00:00","description":"Ser cliente de CHG supone m\u00faltiples beneficios y servicios postventa, mantenimiento de la casa, jard\u00edn y piscina y muchos otros servicios.","breadcrumb":{"@id":"https:\/\/chg.es\/servicio-posventa-beneficios-de-ser-cliente-chg#breadcrumb"},"inLanguage":"en-US","potentialAction":[{"@type":"ReadAction","target":["https:\/\/chg.es\/servicio-posventa-beneficios-de-ser-cliente-chg"]}]},{"@type":"BreadcrumbList","@id":"https:\/\/chg.es\/servicio-posventa-beneficios-de-ser-cliente-chg#breadcrumb","itemListElement":[{"@type":"ListItem","position":1,"name":"Home","item":"https:\/\/chg.es\/terrace-season-has-started-here-s-how-to-enjoy-it-to-the-fullest"},{"@type":"ListItem","position":2,"name":"Servicio Postventa CHG"}]},{"@type":"WebSite","@id":"https:\/\/chg.es\/en\/#website","url":"https:\/\/chg.es\/en\/","name":"CHG","description":"CHG","publisher":{"@id":"https:\/\/chg.es\/en\/#organization"},"potentialAction":[{"@type":"SearchAction","target":{"@type":"EntryPoint","urlTemplate":"https:\/\/chg.es\/en\/?s={search_term_string}"},"query-input":"required name=search_term_string"}],"inLanguage":"en-US"},{"@type":"Organization","@id":"https:\/\/chg.es\/en\/#organization","name":"CHG","url":"https:\/\/chg.es\/en\/","logo":{"@type":"ImageObject","inLanguage":"en-US","@id":"https:\/\/chg.es\/en\/#\/schema\/logo\/image\/","url":"https:\/\/chg.es\/wp-content\/uploads\/2022\/09\/logo-chg.svg","contentUrl":"https:\/\/chg.es\/wp-content\/uploads\/2022\/09\/logo-chg.svg","caption":"CHG"},"image":{"@id":"https:\/\/chg.es\/en\/#\/schema\/logo\/image\/"},"sameAs":["https:\/\/www.facebook.com\/chgconstrucciones\/","https:\/\/www.instagram.com\/chg.es\/","https:\/\/www.linkedin.com\/company\/construcciones-hispano-germanas\/about\/"]}]}},"_links":{"self":[{"href":"https:\/\/chg.es\/en\/wp-json\/wp\/v2\/pages\/28939","targetHints":{"allow":["GET"]}}],"collection":[{"href":"https:\/\/chg.es\/en\/wp-json\/wp\/v2\/pages"}],"about":[{"href":"https:\/\/chg.es\/en\/wp-json\/wp\/v2\/types\/page"}],"author":[{"embeddable":true,"href":"https:\/\/chg.es\/en\/wp-json\/wp\/v2\/users\/1"}],"replies":[{"embeddable":true,"href":"https:\/\/chg.es\/en\/wp-json\/wp\/v2\/comments?post=28939"}],"version-history":[{"count":0,"href":"https:\/\/chg.es\/en\/wp-json\/wp\/v2\/pages\/28939\/revisions"}],"wp:attachment":[{"href":"https:\/\/chg.es\/en\/wp-json\/wp\/v2\/media?parent=28939"}],"curies":[{"name":"wp","href":"https:\/\/api.w.org\/{rel}","templated":true}]}}