{"id":29440,"date":"2023-01-16T12:22:36","date_gmt":"2023-01-16T10:22:36","guid":{"rendered":"https:\/\/chg.es\/servicio-posventa-beneficios-de-ser-cliente-chg"},"modified":"2025-01-10T16:42:24","modified_gmt":"2025-01-10T14:42:24","slug":"a-propos-de-chg-service-apres-vente","status":"publish","type":"page","link":"https:\/\/chg.es\/en\/a-propos-de-chg-service-apres-vente","title":{"rendered":"Service apr\u00e8s-vente de CHG"},"content":{"rendered":"\t\t<div data-elementor-type=\"wp-page\" data-elementor-id=\"29440\" class=\"elementor elementor-29440 elementor-28939\" data-elementor-post-type=\"page\">\n\t\t\t\t\t\t<section class=\"elementor-section elementor-top-section elementor-element elementor-element-d4b5dd9 elementor-section-full_width custom-header header-sm elementor-section-content-middle elementor-section-height-default elementor-section-height-default\" data-id=\"d4b5dd9\" data-element_type=\"section\" data-settings=\"{&quot;background_background&quot;:&quot;classic&quot;}\">\n\t\t\t\t\t\t\t<div class=\"elementor-background-overlay\"><\/div>\n\t\t\t\t\t\t\t<div class=\"elementor-container elementor-column-gap-no\">\n\t\t\t\t\t<div class=\"elementor-column elementor-col-100 elementor-top-column elementor-element elementor-element-59dc9590\" data-id=\"59dc9590\" data-element_type=\"column\">\n\t\t\t<div class=\"elementor-widget-wrap elementor-element-populated\">\n\t\t\t\t\t\t<div class=\"elementor-element elementor-element-3f6e10df elementor-widget elementor-widget-heading\" data-id=\"3f6e10df\" data-element_type=\"widget\" data-widget_type=\"heading.default\">\n\t\t\t\t<div class=\"elementor-widget-container\">\n\t\t\t<h1 class=\"elementor-heading-title elementor-size-default\">Service Apr\u00e8s-vente <\/h1>\t\t<\/div>\n\t\t\t\t<\/div>\n\t\t\t\t<div class=\"elementor-element elementor-element-3e3aac0e elementor-align-center custom-breadcrums no-parent elementor-widget elementor-widget-breadcrumbs\" data-id=\"3e3aac0e\" data-element_type=\"widget\" data-widget_type=\"breadcrumbs.default\">\n\t\t\t\t<div class=\"elementor-widget-container\">\n\t\t\t<p id=\"breadcrumbs\"><span><span><a href=\"https:\/\/chg.es\/terrace-season-has-started-here-s-how-to-enjoy-it-to-the-fullest\">Home<\/a><\/span><\/span><\/p>\t\t<\/div>\n\t\t\t\t<\/div>\n\t\t\t\t\t<\/div>\n\t\t<\/div>\n\t\t\t\t\t<\/div>\n\t\t<\/section>\n\t\t\t\t<section class=\"elementor-section elementor-top-section elementor-element elementor-element-34b96607 section-descubre elementor-section-boxed elementor-section-height-default elementor-section-height-default\" data-id=\"34b96607\" data-element_type=\"section\">\n\t\t\t\t\t\t<div class=\"elementor-container elementor-column-gap-default\">\n\t\t\t\t\t<div class=\"elementor-column elementor-col-100 elementor-top-column elementor-element elementor-element-ea3de\" data-id=\"ea3de\" data-element_type=\"column\">\n\t\t\t<div class=\"elementor-widget-wrap elementor-element-populated\">\n\t\t\t\t\t\t<div class=\"elementor-element elementor-element-2cd7d139 title-logo-bg-sm elementor-widget elementor-widget-heading\" data-id=\"2cd7d139\" data-element_type=\"widget\" data-widget_type=\"heading.default\">\n\t\t\t\t<div class=\"elementor-widget-container\">\n\t\t\t<h2 class=\"elementor-heading-title elementor-size-default\">D\u00e9couvrez les avantages d'etre un client CHG\n<\/h2>\t\t<\/div>\n\t\t\t\t<\/div>\n\t\t\t\t<div class=\"elementor-element elementor-element-62c74e3 elementor-widget elementor-widget-text-editor\" data-id=\"62c74e3\" data-element_type=\"widget\" data-widget_type=\"text-editor.default\">\n\t\t\t\t<div class=\"elementor-widget-container\">\n\t\t\t\t\t\t\t<p>L&#8217;un des principaux avantages d&#8217;\u00eatre client de\u00a0<a href=\"https:\/\/chg.es\/\" target=\"_blank\" rel=\"noopener\">CHG<\/a>\u00a0\u00e0\u00a0 \u00a0 \u00a0 \u00a0\u00a0<a href=\"https:\/\/www.olivanova.com\/\" target=\"_blank\" rel=\"noopener\">Oliva Nova Beach &amp; Golf Resort *****<\/a>\u00a0est l&#8217;acc\u00e8s \u00e0 un service apr\u00e8s-vente exclusif et personnalis\u00e9.\u00a0 \u00a0 \u00a0 \u00a0 \u00a0 \u00a0 \u00a0 \u00a0 \u00a0 \u00a0 \u00a0 \u00a0 \u00a0 \u00a0 \u00a0 \u00a0 \u00a0 \u00a0 \u00a0 \u00a0 \u00a0 \u00a0 \u00a0 \u00a0 \u00a0 \u00a0 \u00a0 \u00a0 \u00a0 \u00a0 \u00a0 \u00a0 \u00a0 \u00a0 \u00a0 \u00a0 \u00a0 \u00a0 \u00a0 \u00a0 \u00a0 \u00a0 \u00a0 \u00a0 \u00a0 \u00a0 \u00a0 \u00a0 \u00a0 \u00a0 \u00a0 \u00a0 \u00a0 \u00a0 \u00a0 \u00a0 \u00a0 \u00a0 \u00a0 \u00a0 \u00a0 \u00a0 \u00a0 \u00a0 \u00a0 \u00a0 \u00a0 \u00a0 \u00a0 \u00a0 \u00a0 \u00a0 \u00a0 \u00a0 \u00a0 \u00a0 \u00a0 \u00a0<span style=\"color: var( --e-global-color-text );font-weight: var( --e-global-typography-text-font-weight );letter-spacing: var(--the7-base-letter-spacing);text-transform: var(--the7-base-text-transform)\">Voici quelques-uns des privil\u00e8ges que nous offrons en tant que client CHG :<\/span><\/p>\t\t\t\t\t\t<\/div>\n\t\t\t\t<\/div>\n\t\t\t\t\t<\/div>\n\t\t<\/div>\n\t\t\t\t\t<\/div>\n\t\t<\/section>\n\t\t\t\t<section class=\"elementor-section elementor-top-section elementor-element elementor-element-4e60793c elementor-section-boxed elementor-section-height-default elementor-section-height-default\" data-id=\"4e60793c\" data-element_type=\"section\">\n\t\t\t\t\t\t<div class=\"elementor-container elementor-column-gap-default\">\n\t\t\t\t\t<div class=\"elementor-column elementor-col-33 elementor-top-column elementor-element elementor-element-7f9b5ddb\" data-id=\"7f9b5ddb\" data-element_type=\"column\" data-settings=\"{&quot;background_background&quot;:&quot;gradient&quot;}\">\n\t\t\t<div class=\"elementor-widget-wrap elementor-element-populated\">\n\t\t\t\t\t\t<div class=\"elementor-element elementor-element-6165409c elementor-widget elementor-widget-heading\" data-id=\"6165409c\" data-element_type=\"widget\" data-widget_type=\"heading.default\">\n\t\t\t\t<div class=\"elementor-widget-container\">\n\t\t\t<h2 class=\"elementor-heading-title elementor-size-default\">Entretien de la maison<\/h2>\t\t<\/div>\n\t\t\t\t<\/div>\n\t\t\t\t\t<\/div>\n\t\t<\/div>\n\t\t\t\t<div class=\"elementor-column elementor-col-33 elementor-top-column elementor-element elementor-element-3400865e\" data-id=\"3400865e\" data-element_type=\"column\">\n\t\t\t<div class=\"elementor-widget-wrap elementor-element-populated\">\n\t\t\t\t\t\t<div class=\"elementor-element elementor-element-7079c468 elementor-widget elementor-widget-heading\" data-id=\"7079c468\" data-element_type=\"widget\" data-widget_type=\"heading.default\">\n\t\t\t\t<div class=\"elementor-widget-container\">\n\t\t\t<h2 class=\"elementor-heading-title elementor-size-default\">Jardins et piscines<\/h2>\t\t<\/div>\n\t\t\t\t<\/div>\n\t\t\t\t\t<\/div>\n\t\t<\/div>\n\t\t\t\t<div class=\"elementor-column elementor-col-33 elementor-top-column elementor-element elementor-element-69b8ab2a\" data-id=\"69b8ab2a\" data-element_type=\"column\">\n\t\t\t<div class=\"elementor-widget-wrap elementor-element-populated\">\n\t\t\t\t\t\t<div class=\"elementor-element elementor-element-1d938a7a elementor-widget elementor-widget-heading\" data-id=\"1d938a7a\" data-element_type=\"widget\" data-widget_type=\"heading.default\">\n\t\t\t\t<div class=\"elementor-widget-container\">\n\t\t\t<h2 class=\"elementor-heading-title elementor-size-default\">Gestion et traitement des factures et services<\/h2>\t\t<\/div>\n\t\t\t\t<\/div>\n\t\t\t\t\t<\/div>\n\t\t<\/div>\n\t\t\t\t\t<\/div>\n\t\t<\/section>\n\t\t\t\t<section class=\"elementor-section elementor-top-section elementor-element elementor-element-658396f4 elementor-section-boxed elementor-section-height-default elementor-section-height-default\" data-id=\"658396f4\" data-element_type=\"section\">\n\t\t\t\t\t\t<div class=\"elementor-container elementor-column-gap-default\">\n\t\t\t\t\t<div class=\"elementor-column elementor-col-33 elementor-top-column elementor-element elementor-element-be358fd\" data-id=\"be358fd\" data-element_type=\"column\">\n\t\t\t<div class=\"elementor-widget-wrap elementor-element-populated\">\n\t\t\t\t\t\t<div class=\"elementor-element elementor-element-b3355c0 elementor-widget elementor-widget-heading\" data-id=\"b3355c0\" data-element_type=\"widget\" data-widget_type=\"heading.default\">\n\t\t\t\t<div class=\"elementor-widget-container\">\n\t\t\t<h2 class=\"elementor-heading-title elementor-size-default\">Interpr\u00e9tation et traduction pour clients \u00e9trangers<\/h2>\t\t<\/div>\n\t\t\t\t<\/div>\n\t\t\t\t\t<\/div>\n\t\t<\/div>\n\t\t\t\t<div class=\"elementor-column elementor-col-33 elementor-top-column elementor-element elementor-element-24f91d4c\" data-id=\"24f91d4c\" data-element_type=\"column\">\n\t\t\t<div class=\"elementor-widget-wrap elementor-element-populated\">\n\t\t\t\t\t\t<div class=\"elementor-element elementor-element-558d5a0e elementor-widget elementor-widget-heading\" data-id=\"558d5a0e\" data-element_type=\"widget\" data-widget_type=\"heading.default\">\n\t\t\t\t<div class=\"elementor-widget-container\">\n\t\t\t<h2 class=\"elementor-heading-title elementor-size-default\">Demande de ligne t\u00e9l\u00e9phonique<\/h2>\t\t<\/div>\n\t\t\t\t<\/div>\n\t\t\t\t\t<\/div>\n\t\t<\/div>\n\t\t\t\t<div class=\"elementor-column elementor-col-33 elementor-top-column elementor-element elementor-element-2aa543ad\" data-id=\"2aa543ad\" data-element_type=\"column\">\n\t\t\t<div class=\"elementor-widget-wrap elementor-element-populated\">\n\t\t\t\t\t\t<div class=\"elementor-element elementor-element-48219994 elementor-widget elementor-widget-heading\" data-id=\"48219994\" data-element_type=\"widget\" data-widget_type=\"heading.default\">\n\t\t\t\t<div class=\"elementor-widget-container\">\n\t\t\t<h2 class=\"elementor-heading-title elementor-size-default\">Gestion de la correspondance et des autorisations<\/h2>\t\t<\/div>\n\t\t\t\t<\/div>\n\t\t\t\t\t<\/div>\n\t\t<\/div>\n\t\t\t\t\t<\/div>\n\t\t<\/section>\n\t\t\t\t<section class=\"elementor-section elementor-top-section elementor-element elementor-element-3c491f95 elementor-section-boxed elementor-section-height-default elementor-section-height-default\" data-id=\"3c491f95\" data-element_type=\"section\">\n\t\t\t\t\t\t<div class=\"elementor-container elementor-column-gap-default\">\n\t\t\t\t\t<div class=\"elementor-column elementor-col-33 elementor-top-column elementor-element elementor-element-9845db6\" data-id=\"9845db6\" data-element_type=\"column\">\n\t\t\t<div class=\"elementor-widget-wrap elementor-element-populated\">\n\t\t\t\t\t\t<div class=\"elementor-element elementor-element-1891773b elementor-widget elementor-widget-heading\" data-id=\"1891773b\" data-element_type=\"widget\" data-widget_type=\"heading.default\">\n\t\t\t\t<div class=\"elementor-widget-container\">\n\t\t\t<h2 class=\"elementor-heading-title elementor-size-default\">Garantie de 12 mois sur les d\u00e9fauts<\/h2>\t\t<\/div>\n\t\t\t\t<\/div>\n\t\t\t\t\t<\/div>\n\t\t<\/div>\n\t\t\t\t<div class=\"elementor-column elementor-col-33 elementor-top-column elementor-element elementor-element-398dcc2c\" data-id=\"398dcc2c\" data-element_type=\"column\">\n\t\t\t<div class=\"elementor-widget-wrap elementor-element-populated\">\n\t\t\t\t\t\t<div class=\"elementor-element elementor-element-41b0e2b9 elementor-widget elementor-widget-heading\" data-id=\"41b0e2b9\" data-element_type=\"widget\" data-widget_type=\"heading.default\">\n\t\t\t\t<div class=\"elementor-widget-container\">\n\t\t\t<h2 class=\"elementor-heading-title elementor-size-default\">Option Plan \u00c9chelonn\u00e9<\/h2>\t\t<\/div>\n\t\t\t\t<\/div>\n\t\t\t\t\t<\/div>\n\t\t<\/div>\n\t\t\t\t<div class=\"elementor-column elementor-col-33 elementor-top-column elementor-element elementor-element-4dd29369\" data-id=\"4dd29369\" data-element_type=\"column\">\n\t\t\t<div class=\"elementor-widget-wrap elementor-element-populated\">\n\t\t\t\t\t\t<div class=\"elementor-element elementor-element-74f2c2f elementor-widget elementor-widget-heading\" data-id=\"74f2c2f\" data-element_type=\"widget\" data-widget_type=\"heading.default\">\n\t\t\t\t<div class=\"elementor-widget-container\">\n\t\t\t<h2 class=\"elementor-heading-title elementor-size-default\">Construction certifi\u00e9e par le certificat UNE EN ISO 9001<\/h2>\t\t<\/div>\n\t\t\t\t<\/div>\n\t\t\t\t\t<\/div>\n\t\t<\/div>\n\t\t\t\t\t<\/div>\n\t\t<\/section>\n\t\t\t\t<section class=\"elementor-section elementor-top-section elementor-element elementor-element-1cffb89 elementor-section-boxed elementor-section-height-default elementor-section-height-default\" data-id=\"1cffb89\" data-element_type=\"section\">\n\t\t\t\t\t\t<div class=\"elementor-container elementor-column-gap-default\">\n\t\t\t\t\t<div class=\"elementor-column elementor-col-100 elementor-top-column elementor-element elementor-element-3563b24\" data-id=\"3563b24\" data-element_type=\"column\">\n\t\t\t<div class=\"elementor-widget-wrap elementor-element-populated\">\n\t\t\t\t\t\t<div class=\"elementor-element elementor-element-340d826 elementor-widget elementor-widget-text-editor\" data-id=\"340d826\" data-element_type=\"widget\" data-widget_type=\"text-editor.default\">\n\t\t\t\t<div class=\"elementor-widget-container\">\n\t\t\t\t\t\t\t<p>Si vous le souhaitez, vous pourrez profiter de tous les avantages d&#8217;\u00eatre client CHG, y compris notre service de location de votre r\u00e9sidence.<\/p>\t\t\t\t\t\t<\/div>\n\t\t\t\t<\/div>\n\t\t\t\t\t<\/div>\n\t\t<\/div>\n\t\t\t\t\t<\/div>\n\t\t<\/section>\n\t\t\t\t<\/div>\n\t\t","protected":false},"excerpt":{"rendered":"<p>Service Apr\u00e8s-vente D\u00e9couvrez les avantages d&#8217;etre un client CHG L&#8217;un des principaux avantages d&#8217;\u00eatre client de\u00a0CHG\u00a0\u00e0\u00a0 \u00a0 \u00a0 \u00a0\u00a0Oliva Nova Beach &amp; Golf Resort *****\u00a0est l&#8217;acc\u00e8s \u00e0 un service apr\u00e8s-vente exclusif et personnalis\u00e9.\u00a0 \u00a0 \u00a0 \u00a0 \u00a0 \u00a0 \u00a0 \u00a0 \u00a0 \u00a0 \u00a0 \u00a0 \u00a0 \u00a0 \u00a0 \u00a0 \u00a0 \u00a0 \u00a0 \u00a0 \u00a0 \u00a0 \u00a0&hellip;<\/p>\n","protected":false},"author":1,"featured_media":0,"parent":0,"menu_order":0,"comment_status":"closed","ping_status":"closed","template":"elementor_header_footer","meta":{"footnotes":""},"class_list":["post-29440","page","type-page","status-publish","hentry"],"yoast_head":"<!-- This site is optimized with the Yoast SEO plugin v22.4 - https:\/\/yoast.com\/wordpress\/plugins\/seo\/ -->\n<title>Service apr\u00e8s-vente de CHG - CHG<\/title>\n<meta name=\"description\" content=\"\u00catre client de CHG offre divers avantages et services apr\u00e8s-vente : entretien (domicile, jardin et piscine), ou gestion des factures d&#039;eau et d&#039;\u00e9lectricit\u00e9\" \/>\n<meta name=\"robots\" content=\"index, follow, max-snippet:-1, max-image-preview:large, max-video-preview:-1\" \/>\n<link rel=\"canonical\" href=\"https:\/\/www.chg.es\/fr\/a-propos-de-chg\/a-propos-de-chg-service-apres-vente\" \/>\n<meta property=\"og:locale\" content=\"en_US\" \/>\n<meta property=\"og:type\" content=\"article\" \/>\n<meta property=\"og:title\" content=\"Service apr\u00e8s-vente de CHG\" \/>\n<meta property=\"og:description\" content=\"\u00catre client de CHG offre divers avantages et services apr\u00e8s-vente : entretien (domicile, jardin et piscine), ou gestion des factures d&#039;eau et d&#039;\u00e9lectricit\u00e9\" \/>\n<meta property=\"og:url\" content=\"https:\/\/www.chg.es\/fr\/a-propos-de-chg\/a-propos-de-chg-service-apres-vente\" \/>\n<meta property=\"og:site_name\" content=\"CHG\" \/>\n<meta property=\"article:publisher\" content=\"https:\/\/www.facebook.com\/chgconstrucciones\/\" \/>\n<meta property=\"article:modified_time\" content=\"2025-01-10T14:42:24+00:00\" \/>\n<meta name=\"twitter:card\" content=\"summary_large_image\" \/>\n<meta name=\"twitter:title\" content=\"Service apr\u00e8s-vente de CHG\" \/>\n<meta name=\"twitter:description\" content=\"\u00catre client de CHG offre divers avantages et services apr\u00e8s-vente : entretien (domicile, jardin et piscine), ou gestion des factures d&#039;eau et d&#039;\u00e9lectricit\u00e9\" \/>\n<meta name=\"twitter:label1\" content=\"Est. reading time\" \/>\n\t<meta name=\"twitter:data1\" content=\"1 minute\" \/>\n<script type=\"application\/ld+json\" class=\"yoast-schema-graph\">{\"@context\":\"https:\/\/schema.org\",\"@graph\":[{\"@type\":\"WebPage\",\"@id\":\"https:\/\/chg.es\/a-propos-de-chg-service-apres-vente\",\"url\":\"https:\/\/www.chg.es\/fr\/a-propos-de-chg\/a-propos-de-chg-service-apres-vente\",\"name\":\"Service apr\u00e8s-vente de CHG - CHG\",\"isPartOf\":{\"@id\":\"https:\/\/chg.es\/en\/#website\"},\"datePublished\":\"2023-01-16T10:22:36+00:00\",\"dateModified\":\"2025-01-10T14:42:24+00:00\",\"description\":\"\u00catre client de CHG offre divers avantages et services apr\u00e8s-vente : entretien (domicile, jardin et piscine), ou gestion des factures d'eau et d'\u00e9lectricit\u00e9\",\"breadcrumb\":{\"@id\":\"https:\/\/www.chg.es\/fr\/a-propos-de-chg\/a-propos-de-chg-service-apres-vente#breadcrumb\"},\"inLanguage\":\"en-US\",\"potentialAction\":[{\"@type\":\"ReadAction\",\"target\":[\"https:\/\/www.chg.es\/fr\/a-propos-de-chg\/a-propos-de-chg-service-apres-vente\"]}]},{\"@type\":\"BreadcrumbList\",\"@id\":\"https:\/\/www.chg.es\/fr\/a-propos-de-chg\/a-propos-de-chg-service-apres-vente#breadcrumb\",\"itemListElement\":[{\"@type\":\"ListItem\",\"position\":1,\"name\":\"Home\",\"item\":\"https:\/\/chg.es\/terrace-season-has-started-here-s-how-to-enjoy-it-to-the-fullest\"},{\"@type\":\"ListItem\",\"position\":2,\"name\":\"Service apr\u00e8s-vente de CHG\"}]},{\"@type\":\"WebSite\",\"@id\":\"https:\/\/chg.es\/en\/#website\",\"url\":\"https:\/\/chg.es\/en\/\",\"name\":\"CHG\",\"description\":\"CHG\",\"publisher\":{\"@id\":\"https:\/\/chg.es\/en\/#organization\"},\"potentialAction\":[{\"@type\":\"SearchAction\",\"target\":{\"@type\":\"EntryPoint\",\"urlTemplate\":\"https:\/\/chg.es\/en\/?s={search_term_string}\"},\"query-input\":\"required name=search_term_string\"}],\"inLanguage\":\"en-US\"},{\"@type\":\"Organization\",\"@id\":\"https:\/\/chg.es\/en\/#organization\",\"name\":\"CHG\",\"url\":\"https:\/\/chg.es\/en\/\",\"logo\":{\"@type\":\"ImageObject\",\"inLanguage\":\"en-US\",\"@id\":\"https:\/\/chg.es\/en\/#\/schema\/logo\/image\/\",\"url\":\"https:\/\/chg.es\/wp-content\/uploads\/2022\/09\/logo-chg.svg\",\"contentUrl\":\"https:\/\/chg.es\/wp-content\/uploads\/2022\/09\/logo-chg.svg\",\"caption\":\"CHG\"},\"image\":{\"@id\":\"https:\/\/chg.es\/en\/#\/schema\/logo\/image\/\"},\"sameAs\":[\"https:\/\/www.facebook.com\/chgconstrucciones\/\",\"https:\/\/www.instagram.com\/chg.es\/\",\"https:\/\/www.linkedin.com\/company\/construcciones-hispano-germanas\/about\/\"]}]}<\/script>\n<!-- \/ Yoast SEO plugin. -->","yoast_head_json":{"title":"Service apr\u00e8s-vente de CHG - CHG","description":"\u00catre client de CHG offre divers avantages et services apr\u00e8s-vente : entretien (domicile, jardin et piscine), ou gestion des factures d'eau et d'\u00e9lectricit\u00e9","robots":{"index":"index","follow":"follow","max-snippet":"max-snippet:-1","max-image-preview":"max-image-preview:large","max-video-preview":"max-video-preview:-1"},"canonical":"https:\/\/www.chg.es\/fr\/a-propos-de-chg\/a-propos-de-chg-service-apres-vente","og_locale":"en_US","og_type":"article","og_title":"Service apr\u00e8s-vente de CHG","og_description":"\u00catre client de CHG offre divers avantages et services apr\u00e8s-vente : entretien (domicile, jardin et piscine), ou gestion des factures d'eau et d'\u00e9lectricit\u00e9","og_url":"https:\/\/www.chg.es\/fr\/a-propos-de-chg\/a-propos-de-chg-service-apres-vente","og_site_name":"CHG","article_publisher":"https:\/\/www.facebook.com\/chgconstrucciones\/","article_modified_time":"2025-01-10T14:42:24+00:00","twitter_card":"summary_large_image","twitter_title":"Service apr\u00e8s-vente de CHG","twitter_description":"\u00catre client de CHG offre divers avantages et services apr\u00e8s-vente : entretien (domicile, jardin et piscine), ou gestion des factures d'eau et d'\u00e9lectricit\u00e9","twitter_misc":{"Est. reading time":"1 minute"},"schema":{"@context":"https:\/\/schema.org","@graph":[{"@type":"WebPage","@id":"https:\/\/chg.es\/a-propos-de-chg-service-apres-vente","url":"https:\/\/www.chg.es\/fr\/a-propos-de-chg\/a-propos-de-chg-service-apres-vente","name":"Service apr\u00e8s-vente de CHG - CHG","isPartOf":{"@id":"https:\/\/chg.es\/en\/#website"},"datePublished":"2023-01-16T10:22:36+00:00","dateModified":"2025-01-10T14:42:24+00:00","description":"\u00catre client de CHG offre divers avantages et services apr\u00e8s-vente : entretien (domicile, jardin et piscine), ou gestion des factures d'eau et d'\u00e9lectricit\u00e9","breadcrumb":{"@id":"https:\/\/www.chg.es\/fr\/a-propos-de-chg\/a-propos-de-chg-service-apres-vente#breadcrumb"},"inLanguage":"en-US","potentialAction":[{"@type":"ReadAction","target":["https:\/\/www.chg.es\/fr\/a-propos-de-chg\/a-propos-de-chg-service-apres-vente"]}]},{"@type":"BreadcrumbList","@id":"https:\/\/www.chg.es\/fr\/a-propos-de-chg\/a-propos-de-chg-service-apres-vente#breadcrumb","itemListElement":[{"@type":"ListItem","position":1,"name":"Home","item":"https:\/\/chg.es\/terrace-season-has-started-here-s-how-to-enjoy-it-to-the-fullest"},{"@type":"ListItem","position":2,"name":"Service apr\u00e8s-vente de CHG"}]},{"@type":"WebSite","@id":"https:\/\/chg.es\/en\/#website","url":"https:\/\/chg.es\/en\/","name":"CHG","description":"CHG","publisher":{"@id":"https:\/\/chg.es\/en\/#organization"},"potentialAction":[{"@type":"SearchAction","target":{"@type":"EntryPoint","urlTemplate":"https:\/\/chg.es\/en\/?s={search_term_string}"},"query-input":"required name=search_term_string"}],"inLanguage":"en-US"},{"@type":"Organization","@id":"https:\/\/chg.es\/en\/#organization","name":"CHG","url":"https:\/\/chg.es\/en\/","logo":{"@type":"ImageObject","inLanguage":"en-US","@id":"https:\/\/chg.es\/en\/#\/schema\/logo\/image\/","url":"https:\/\/chg.es\/wp-content\/uploads\/2022\/09\/logo-chg.svg","contentUrl":"https:\/\/chg.es\/wp-content\/uploads\/2022\/09\/logo-chg.svg","caption":"CHG"},"image":{"@id":"https:\/\/chg.es\/en\/#\/schema\/logo\/image\/"},"sameAs":["https:\/\/www.facebook.com\/chgconstrucciones\/","https:\/\/www.instagram.com\/chg.es\/","https:\/\/www.linkedin.com\/company\/construcciones-hispano-germanas\/about\/"]}]}},"_links":{"self":[{"href":"https:\/\/chg.es\/en\/wp-json\/wp\/v2\/pages\/29440","targetHints":{"allow":["GET"]}}],"collection":[{"href":"https:\/\/chg.es\/en\/wp-json\/wp\/v2\/pages"}],"about":[{"href":"https:\/\/chg.es\/en\/wp-json\/wp\/v2\/types\/page"}],"author":[{"embeddable":true,"href":"https:\/\/chg.es\/en\/wp-json\/wp\/v2\/users\/1"}],"replies":[{"embeddable":true,"href":"https:\/\/chg.es\/en\/wp-json\/wp\/v2\/comments?post=29440"}],"version-history":[{"count":0,"href":"https:\/\/chg.es\/en\/wp-json\/wp\/v2\/pages\/29440\/revisions"}],"wp:attachment":[{"href":"https:\/\/chg.es\/en\/wp-json\/wp\/v2\/media?parent=29440"}],"curies":[{"name":"wp","href":"https:\/\/api.w.org\/{rel}","templated":true}]}}