{"id":29458,"date":"2022-09-28T13:37:14","date_gmt":"2022-09-28T11:37:14","guid":{"rendered":"https:\/\/chg.es\/garantias-chg-inmobiliaria-de-lujo"},"modified":"2025-02-03T15:52:16","modified_gmt":"2025-02-03T13:52:16","slug":"garantieleistungen-der-chg","status":"publish","type":"page","link":"https:\/\/chg.es\/en\/garantieleistungen-der-chg","title":{"rendered":"Garantieleistungen CHG"},"content":{"rendered":"\t\t<div data-elementor-type=\"wp-page\" data-elementor-id=\"29458\" class=\"elementor elementor-29458 elementor-76\" data-elementor-post-type=\"page\">\n\t\t\t\t\t\t<section class=\"elementor-section elementor-top-section elementor-element elementor-element-62aa66a elementor-section-full_width custom-header header-sm elementor-section-content-middle elementor-section-height-default elementor-section-height-default\" data-id=\"62aa66a\" data-element_type=\"section\" data-settings=\"{&quot;background_background&quot;:&quot;classic&quot;}\">\n\t\t\t\t\t\t\t<div class=\"elementor-background-overlay\"><\/div>\n\t\t\t\t\t\t\t<div class=\"elementor-container elementor-column-gap-no\">\n\t\t\t\t\t<div class=\"elementor-column elementor-col-100 elementor-top-column elementor-element elementor-element-25d4e50\" data-id=\"25d4e50\" data-element_type=\"column\">\n\t\t\t<div class=\"elementor-widget-wrap elementor-element-populated\">\n\t\t\t\t\t\t<div class=\"elementor-element elementor-element-b311db4 elementor-widget elementor-widget-heading\" data-id=\"b311db4\" data-element_type=\"widget\" data-widget_type=\"heading.default\">\n\t\t\t\t<div class=\"elementor-widget-container\">\n\t\t\t<h1 class=\"elementor-heading-title elementor-size-default\">Garantieleistungen CHG\n<\/h1>\t\t<\/div>\n\t\t\t\t<\/div>\n\t\t\t\t<div class=\"elementor-element elementor-element-090c0cf elementor-align-center custom-breadcrums no-parent elementor-widget elementor-widget-breadcrumbs\" data-id=\"090c0cf\" data-element_type=\"widget\" data-widget_type=\"breadcrumbs.default\">\n\t\t\t\t<div class=\"elementor-widget-container\">\n\t\t\t<p id=\"breadcrumbs\"><span><span><a href=\"https:\/\/chg.es\/terrace-season-has-started-here-s-how-to-enjoy-it-to-the-fullest\">Home<\/a><\/span><\/span><\/p>\t\t<\/div>\n\t\t\t\t<\/div>\n\t\t\t\t\t<\/div>\n\t\t<\/div>\n\t\t\t\t\t<\/div>\n\t\t<\/section>\n\t\t\t\t<section class=\"elementor-section elementor-top-section elementor-element elementor-element-866799f section-descubre elementor-section-boxed elementor-section-height-default elementor-section-height-default\" data-id=\"866799f\" data-element_type=\"section\">\n\t\t\t\t\t\t<div class=\"elementor-container elementor-column-gap-default\">\n\t\t\t\t\t<div class=\"elementor-column elementor-col-100 elementor-top-column elementor-element elementor-element-642ff56\" data-id=\"642ff56\" data-element_type=\"column\">\n\t\t\t<div class=\"elementor-widget-wrap elementor-element-populated\">\n\t\t\t\t\t\t<div class=\"elementor-element elementor-element-5ba9397 title-logo-bg-sm elementor-widget elementor-widget-heading\" data-id=\"5ba9397\" data-element_type=\"widget\" data-widget_type=\"heading.default\">\n\t\t\t\t<div class=\"elementor-widget-container\">\n\t\t\t<h2 class=\"elementor-heading-title elementor-size-default\">Ruhe und Sicherheit von Anfang an.<\/h2>\t\t<\/div>\n\t\t\t\t<\/div>\n\t\t\t\t<div class=\"elementor-element elementor-element-f457279 elementor-widget elementor-widget-text-editor\" data-id=\"f457279\" data-element_type=\"widget\" data-widget_type=\"text-editor.default\">\n\t\t\t\t<div class=\"elementor-widget-container\">\n\t\t\t\t\t\t\t\t\t\t\t\t\t<\/div>\n\t\t\t\t<\/div>\n\t\t\t\t\t<\/div>\n\t\t<\/div>\n\t\t\t\t\t<\/div>\n\t\t<\/section>\n\t\t\t\t<section class=\"elementor-section elementor-top-section elementor-element elementor-element-93a4fea elementor-section-boxed elementor-section-height-default elementor-section-height-default\" data-id=\"93a4fea\" data-element_type=\"section\">\n\t\t\t\t\t\t<div class=\"elementor-container elementor-column-gap-default\">\n\t\t\t\t\t<div class=\"elementor-column elementor-col-33 elementor-top-column elementor-element elementor-element-697b79a\" data-id=\"697b79a\" data-element_type=\"column\">\n\t\t\t<div class=\"elementor-widget-wrap elementor-element-populated\">\n\t\t\t\t\t\t<div class=\"elementor-element elementor-element-e95ca3b elementor-widget elementor-widget-text-editor\" data-id=\"e95ca3b\" data-element_type=\"widget\" data-widget_type=\"text-editor.default\">\n\t\t\t\t<div class=\"elementor-widget-container\">\n\t\t\t\t\t\t\t<div>\u00a0<\/div><div>\u00a0<\/div><div style=\"text-align: center; max-width: 800px; margin: auto;\"><p><img decoding=\"async\" style=\"max-width: 100px; margin: 0 auto;\" src=\"https:\/\/chg.es\/wp-content\/uploads\/2025\/01\/IconosCHG_ControlCalidad.png\" alt=\"Control de Calidad CHG\" \/><\/p><h1 style=\"font-size: 2em; color: #000000; margin: 10px 0;\">Qualit\u00e4t<\/h1><\/div><p>CHG deckt alle sichtbaren M\u00e4ngel f\u00fcr 12 Monate nach der Schl\u00fcssel\u00fcbergabe ab. Dar\u00fcber hinaus \u00fcbernehmen wir f\u00fcr 10 Jahre etwaige strukturelle M\u00e4ngel an Fundamenten, tragenden W\u00e4nden und anderen wichtigen Elementen.<\/p>\t\t\t\t\t\t<\/div>\n\t\t\t\t<\/div>\n\t\t\t\t\t<\/div>\n\t\t<\/div>\n\t\t\t\t<div class=\"elementor-column elementor-col-33 elementor-top-column elementor-element elementor-element-b350540\" data-id=\"b350540\" data-element_type=\"column\">\n\t\t\t<div class=\"elementor-widget-wrap elementor-element-populated\">\n\t\t\t\t\t\t<div class=\"elementor-element elementor-element-c247466 elementor-widget elementor-widget-text-editor\" data-id=\"c247466\" data-element_type=\"widget\" data-widget_type=\"text-editor.default\">\n\t\t\t\t<div class=\"elementor-widget-container\">\n\t\t\t\t\t\t\t<div>\u00a0<\/div><div>\u00a0<\/div><div style=\"text-align: center; max-width: 800px; margin: auto;\"><p><img decoding=\"async\" style=\"max-width: 100px; margin: 0 auto;\" src=\"https:\/\/chg.es\/wp-content\/uploads\/2025\/01\/IconosCHG_Agua.png\" alt=\"Agua CHG\" \/><\/p><h1 style=\"font-size: 2em; color: #000000; margin: 10px 0;\">Wasser<\/h1><\/div><p>Die Wasserversorgung wird durch \u201eAGUAS DE BULLENT, S.A.\u201c, ein Unternehmen der CHG-Gruppe, garantiert, das Eigent\u00fcmer seiner eigenen Brunnen ist. Es liefert Trinkwasser von h\u00f6chster Qualit\u00e4t an mehr als siebentausend Haushalte in Oliva, darunter der Komplex Oliva Nova Golf.<\/p>\t\t\t\t\t\t<\/div>\n\t\t\t\t<\/div>\n\t\t\t\t\t<\/div>\n\t\t<\/div>\n\t\t\t\t<div class=\"elementor-column elementor-col-33 elementor-top-column elementor-element elementor-element-40d7178\" data-id=\"40d7178\" data-element_type=\"column\">\n\t\t\t<div class=\"elementor-widget-wrap elementor-element-populated\">\n\t\t\t\t\t\t<div class=\"elementor-element elementor-element-3ed60f5 elementor-widget elementor-widget-text-editor\" data-id=\"3ed60f5\" data-element_type=\"widget\" data-widget_type=\"text-editor.default\">\n\t\t\t\t<div class=\"elementor-widget-container\">\n\t\t\t\t\t\t\t<div>\u00a0<\/div><div>\u00a0<\/div><div style=\"text-align: center; max-width: 800px; margin: auto;\"><p><img decoding=\"async\" style=\"max-width: 100px; margin: 0 auto;\" src=\"https:\/\/chg.es\/wp-content\/uploads\/2025\/01\/IconosCHG_PrecioFijado.png\" alt=\"Precio Fijo CHG\" \/><\/p><h1 style=\"font-size: 2em; color: #000000; margin: 10px 0;\">Fester Preis<\/h1><\/div><p>In diesem Luxusimmobilienunternehmen garantieren wir einen festen Preis bei der Unterzeichnung des Kaufvertrags. Seit 1972 gab es keinen einzigen Fall von nachtr\u00e4glicher Berechnung oder Abrechnung. Unsere Preise beinhalten alle Kosten, wie Architektenhonorare, Genehmigungen, Notar- und Dienstleistungsgeb\u00fchren.&#8221;<\/p>\t\t\t\t\t\t<\/div>\n\t\t\t\t<\/div>\n\t\t\t\t\t<\/div>\n\t\t<\/div>\n\t\t\t\t\t<\/div>\n\t\t<\/section>\n\t\t\t\t<section class=\"elementor-section elementor-top-section elementor-element elementor-element-cfe1f5a elementor-section-boxed elementor-section-height-default elementor-section-height-default\" data-id=\"cfe1f5a\" data-element_type=\"section\">\n\t\t\t\t\t\t<div class=\"elementor-container elementor-column-gap-default\">\n\t\t\t\t\t<div class=\"elementor-column elementor-col-33 elementor-top-column elementor-element elementor-element-adabfe8\" data-id=\"adabfe8\" data-element_type=\"column\">\n\t\t\t<div class=\"elementor-widget-wrap elementor-element-populated\">\n\t\t\t\t\t\t<div class=\"elementor-element elementor-element-b600fe5 elementor-widget elementor-widget-text-editor\" data-id=\"b600fe5\" data-element_type=\"widget\" data-widget_type=\"text-editor.default\">\n\t\t\t\t<div class=\"elementor-widget-container\">\n\t\t\t\t\t\t\t<div>\u00a0<\/div><div style=\"text-align: center; max-width: 800px; margin: auto;\"><p><img decoding=\"async\" style=\"max-width: 100px; margin: 0 auto;\" src=\"https:\/\/chg.es\/wp-content\/uploads\/2025\/01\/IconosCHG_Servicios.png\" alt=\"Servicios CHG\" \/><\/p><h1 style=\"font-size: 2em; color: #000000; margin: 10px 0;\">Dienstleistungen<\/h1><\/div><p>Alle Parzellen von CHG verf\u00fcgen \u00fcber alle Dienstleistungen, die im Kaufpreis enthalten sind, wie den Bau von Stra\u00dfen, die Trinkwasserversorgung, elektrische Leitungen und eine Abwasserbehandlungsanlage.<\/p>\t\t\t\t\t\t<\/div>\n\t\t\t\t<\/div>\n\t\t\t\t\t<\/div>\n\t\t<\/div>\n\t\t\t\t<div class=\"elementor-column elementor-col-33 elementor-top-column elementor-element elementor-element-a6eff84\" data-id=\"a6eff84\" data-element_type=\"column\">\n\t\t\t<div class=\"elementor-widget-wrap elementor-element-populated\">\n\t\t\t\t\t\t<div class=\"elementor-element elementor-element-35534f5 elementor-widget elementor-widget-text-editor\" data-id=\"35534f5\" data-element_type=\"widget\" data-widget_type=\"text-editor.default\">\n\t\t\t\t<div class=\"elementor-widget-container\">\n\t\t\t\t\t\t\t<div>\u00a0<\/div><div style=\"text-align: center; max-width: 800px; margin: auto;\"><p><img decoding=\"async\" style=\"max-width: 100px; margin: 0 auto;\" src=\"https:\/\/chg.es\/wp-content\/uploads\/2025\/01\/IconosCHG_Financiera.png\" alt=\"Financiera CHG\" \/><\/p><h1 style=\"font-size: 2em; color: #000000; margin: 10px 0;\">Finanziell<\/h1><\/div><p>Das Gesellschaftskapital der CHG Unternehmensgruppe, vollst\u00e4ndig eingezahlt, und deren Eigenkapital zum 31.12.2017 bel\u00e4uft sich auf 66.619.678 \u20ac.&#8221;<\/p>\t\t\t\t\t\t<\/div>\n\t\t\t\t<\/div>\n\t\t\t\t\t<\/div>\n\t\t<\/div>\n\t\t\t\t<div class=\"elementor-column elementor-col-33 elementor-top-column elementor-element elementor-element-027bdc1\" data-id=\"027bdc1\" data-element_type=\"column\">\n\t\t\t<div class=\"elementor-widget-wrap elementor-element-populated\">\n\t\t\t\t\t\t<div class=\"elementor-element elementor-element-b47000a elementor-widget elementor-widget-text-editor\" data-id=\"b47000a\" data-element_type=\"widget\" data-widget_type=\"text-editor.default\">\n\t\t\t\t<div class=\"elementor-widget-container\">\n\t\t\t\t\t\t\t<div>\u00a0<\/div><div style=\"text-align: center; max-width: 800px; margin: auto;\"><p><img decoding=\"async\" style=\"max-width: 100px; margin: 0 auto;\" src=\"https:\/\/chg.es\/wp-content\/uploads\/2025\/01\/IconosCHG_Escritura.png\" alt=\"Propiedad CHG\" \/><\/p><h1 style=\"font-size: 2em; color: #000000; margin: 10px 0;\">Eigentum<\/h1><\/div><p>Wir garantieren durch den Kaufvertrag und dessen anschlie\u00dfende Eintragung, dass Sie als Eigent\u00fcmer ohne Lasten oder Belastungen im Grundbuch eingetragen werden.<\/p>\t\t\t\t\t\t<\/div>\n\t\t\t\t<\/div>\n\t\t\t\t\t<\/div>\n\t\t<\/div>\n\t\t\t\t\t<\/div>\n\t\t<\/section>\n\t\t\t\t<section class=\"elementor-section elementor-top-section elementor-element elementor-element-29597ae elementor-section-boxed elementor-section-height-default elementor-section-height-default\" data-id=\"29597ae\" data-element_type=\"section\">\n\t\t\t\t\t\t<div class=\"elementor-container elementor-column-gap-default\">\n\t\t\t\t\t<div class=\"elementor-column elementor-col-33 elementor-top-column elementor-element elementor-element-904898a\" data-id=\"904898a\" data-element_type=\"column\">\n\t\t\t<div class=\"elementor-widget-wrap elementor-element-populated\">\n\t\t\t\t\t\t<div class=\"elementor-element elementor-element-a3f3f76 elementor-widget elementor-widget-text-editor\" data-id=\"a3f3f76\" data-element_type=\"widget\" data-widget_type=\"text-editor.default\">\n\t\t\t\t<div class=\"elementor-widget-container\">\n\t\t\t\t\t\t\t<div>\u00a0<\/div><div>\u00a0<\/div><div style=\"text-align: center; max-width: 800px; margin: auto;\"><p><img decoding=\"async\" style=\"max-width: 100px; margin: 0 auto;\" src=\"https:\/\/chg.es\/wp-content\/uploads\/2025\/01\/IconosCHG_ExperienciaCHG.png\" alt=\"Experiencia CHG\" \/><\/p><h1 style=\"font-size: 2em; color: #000000; margin: 10px 0;\">Erfahrung CHG<\/h1><\/div><p>CHG ist der f\u00fchrende Luxusimmobilienentwickler an der Costa Blanca mit nachgewiesener T\u00e4tigkeit seit 1972. Unsere eigenen Bauleiter, Architekten und Ingenieure garantieren die h\u00f6chsten Qualit\u00e4tsstandards.<\/p>\t\t\t\t\t\t<\/div>\n\t\t\t\t<\/div>\n\t\t\t\t\t<\/div>\n\t\t<\/div>\n\t\t\t\t<div class=\"elementor-column elementor-col-33 elementor-top-column elementor-element elementor-element-e301178\" data-id=\"e301178\" data-element_type=\"column\">\n\t\t\t<div class=\"elementor-widget-wrap elementor-element-populated\">\n\t\t\t\t\t\t<div class=\"elementor-element elementor-element-185d321 elementor-widget elementor-widget-text-editor\" data-id=\"185d321\" data-element_type=\"widget\" data-widget_type=\"text-editor.default\">\n\t\t\t\t<div class=\"elementor-widget-container\">\n\t\t\t\t\t\t\t<div>\u00a0<\/div><div>\u00a0<\/div><div style=\"text-align: center; max-width: 800px; margin: auto;\"><p><img decoding=\"async\" style=\"max-width: 100px; margin: 0 auto;\" src=\"https:\/\/chg.es\/wp-content\/uploads\/2025\/01\/IconosCHG_Seguro.png\" alt=\"Seguro CHG\" \/><\/p><h1 style=\"font-size: 2em; color: #000000; margin: 10px 0;\">SO 9001 Zertifikat<\/h1><\/div><p>Wir sind der erste Entwickler an der Costa Blanca, der im November 1996 die entsprechende Zertifizierung f\u00fcr das Qualit\u00e4tskontrollsystem UNE EN ISO 9001 erhalten hat.<br \/>Um diese aufrechtzuerhalten und gegebenenfalls anzupassen, setzt CHG ein Qualit\u00e4tssicherungssystem um, bei dem alle Bauphasen, vom Projekt bis zur Schl\u00fcssel\u00fcbergabe, st\u00e4ndigen und kontinuierlichen Kontrollen unterzogen werden.<\/p><p>\u00a0<\/p><div style=\"text-align: center; max-width: 800px; margin: auto;\"><p><a class=\"link-orange\" style=\"text-decoration: none; color: #ff7f00;\" href=\"https:\/\/chg.es\/wp-content\/uploads\/2022\/11\/CertificadoER-0552-1996_ES_2021-03-11.pdf\" target=\"_blank\" rel=\"noopener\">ISO 9001 Zertifikat<br \/><\/a><\/p><p style=\"text-align: center;\"><a class=\"link-orange\" style=\"text-decoration: none; color: #ff7f00;\" href=\"https:\/\/chg.es\/wp-content\/uploads\/2024\/02\/Anexo-B-Politica-Calidad-formato-web.pdf\" target=\"_blank\" rel=\"noopener\"><br \/>Qualit\u00e4tspolitik anzeigen<\/a><\/p><\/div><p>\u00a0<\/p><p style=\"text-align: center;\">\u00a0<\/p>\t\t\t\t\t\t<\/div>\n\t\t\t\t<\/div>\n\t\t\t\t\t<\/div>\n\t\t<\/div>\n\t\t\t\t<div class=\"elementor-column elementor-col-33 elementor-top-column elementor-element elementor-element-7b7b8d2\" data-id=\"7b7b8d2\" data-element_type=\"column\">\n\t\t\t<div class=\"elementor-widget-wrap\">\n\t\t\t\t\t\t\t<\/div>\n\t\t<\/div>\n\t\t\t\t\t<\/div>\n\t\t<\/section>\n\t\t\t\t<\/div>\n\t\t","protected":false},"excerpt":{"rendered":"<p>Garantieleistungen CHG Ruhe und Sicherheit von Anfang an. \u00a0\u00a0 Qualit\u00e4t CHG deckt alle sichtbaren M\u00e4ngel f\u00fcr 12 Monate nach der Schl\u00fcssel\u00fcbergabe ab. Dar\u00fcber hinaus \u00fcbernehmen wir f\u00fcr 10 Jahre etwaige strukturelle M\u00e4ngel an Fundamenten, tragenden W\u00e4nden und anderen wichtigen Elementen. \u00a0\u00a0 Wasser Die Wasserversorgung wird durch \u201eAGUAS DE BULLENT, S.A.\u201c, ein Unternehmen der CHG-Gruppe, garantiert,&hellip;<\/p>\n","protected":false},"author":1,"featured_media":0,"parent":0,"menu_order":0,"comment_status":"closed","ping_status":"closed","template":"elementor_header_footer","meta":{"footnotes":""},"class_list":["post-29458","page","type-page","status-publish","hentry"],"yoast_head":"<!-- This site is optimized with the Yoast SEO plugin v22.4 - https:\/\/yoast.com\/wordpress\/plugins\/seo\/ -->\n<title>Garantieleistungen CHG - CHG<\/title>\n<meta name=\"description\" content=\"Wir bei CHG bieten unseren Kunden diverse Garantieleistungen. Unser Bauunternehmen mit jahrelanger Erfahrung ist die Nr. 1 in Sachen Qualit\u00e4t und Service\" \/>\n<meta name=\"robots\" content=\"index, follow, max-snippet:-1, max-image-preview:large, max-video-preview:-1\" \/>\n<link rel=\"canonical\" href=\"https:\/\/chg.es\/garantieleistungen-der-chg\" \/>\n<meta property=\"og:locale\" content=\"en_US\" \/>\n<meta property=\"og:type\" content=\"article\" \/>\n<meta property=\"og:title\" content=\"Garantieleistungen CHG - CHG\" \/>\n<meta property=\"og:description\" content=\"Wir bei CHG bieten unseren Kunden diverse Garantieleistungen. Unser Bauunternehmen mit jahrelanger Erfahrung ist die Nr. 1 in Sachen Qualit\u00e4t und Service\" \/>\n<meta property=\"og:url\" content=\"https:\/\/chg.es\/garantieleistungen-der-chg\" \/>\n<meta property=\"og:site_name\" content=\"CHG\" \/>\n<meta property=\"article:publisher\" content=\"https:\/\/www.facebook.com\/chgconstrucciones\/\" \/>\n<meta property=\"article:modified_time\" content=\"2025-02-03T13:52:16+00:00\" \/>\n<meta property=\"og:image\" content=\"https:\/\/chg.es\/wp-content\/uploads\/2025\/01\/IconosCHG_ControlCalidad.png\" \/>\n<meta name=\"twitter:card\" content=\"summary_large_image\" \/>\n<meta name=\"twitter:title\" content=\"Garantieleistungen CHG - CHG\" \/>\n<meta name=\"twitter:description\" content=\"Wir bei CHG bieten unseren Kunden diverse Garantieleistungen. Unser Bauunternehmen mit jahrelanger Erfahrung ist die Nr. 1 in Sachen Qualit\u00e4t und Service\" \/>\n<meta name=\"twitter:label1\" content=\"Est. reading time\" \/>\n\t<meta name=\"twitter:data1\" content=\"4 minutes\" \/>\n<script type=\"application\/ld+json\" class=\"yoast-schema-graph\">{\"@context\":\"https:\/\/schema.org\",\"@graph\":[{\"@type\":\"WebPage\",\"@id\":\"https:\/\/chg.es\/garantieleistungen-der-chg\",\"url\":\"https:\/\/chg.es\/garantieleistungen-der-chg\",\"name\":\"Garantieleistungen CHG - CHG\",\"isPartOf\":{\"@id\":\"https:\/\/chg.es\/en\/#website\"},\"primaryImageOfPage\":{\"@id\":\"https:\/\/chg.es\/garantieleistungen-der-chg#primaryimage\"},\"image\":{\"@id\":\"https:\/\/chg.es\/garantieleistungen-der-chg#primaryimage\"},\"thumbnailUrl\":\"https:\/\/chg.es\/wp-content\/uploads\/2025\/01\/IconosCHG_ControlCalidad.png\",\"datePublished\":\"2022-09-28T11:37:14+00:00\",\"dateModified\":\"2025-02-03T13:52:16+00:00\",\"description\":\"Wir bei CHG bieten unseren Kunden diverse Garantieleistungen. Unser Bauunternehmen mit jahrelanger Erfahrung ist die Nr. 1 in Sachen Qualit\u00e4t und Service\",\"breadcrumb\":{\"@id\":\"https:\/\/chg.es\/garantieleistungen-der-chg#breadcrumb\"},\"inLanguage\":\"en-US\",\"potentialAction\":[{\"@type\":\"ReadAction\",\"target\":[\"https:\/\/chg.es\/garantieleistungen-der-chg\"]}]},{\"@type\":\"ImageObject\",\"inLanguage\":\"en-US\",\"@id\":\"https:\/\/chg.es\/garantieleistungen-der-chg#primaryimage\",\"url\":\"https:\/\/chg.es\/wp-content\/uploads\/2025\/01\/IconosCHG_ControlCalidad.png\",\"contentUrl\":\"https:\/\/chg.es\/wp-content\/uploads\/2025\/01\/IconosCHG_ControlCalidad.png\"},{\"@type\":\"BreadcrumbList\",\"@id\":\"https:\/\/chg.es\/garantieleistungen-der-chg#breadcrumb\",\"itemListElement\":[{\"@type\":\"ListItem\",\"position\":1,\"name\":\"Home\",\"item\":\"https:\/\/chg.es\/terrace-season-has-started-here-s-how-to-enjoy-it-to-the-fullest\"},{\"@type\":\"ListItem\",\"position\":2,\"name\":\"Garantieleistungen CHG\"}]},{\"@type\":\"WebSite\",\"@id\":\"https:\/\/chg.es\/en\/#website\",\"url\":\"https:\/\/chg.es\/en\/\",\"name\":\"CHG\",\"description\":\"CHG\",\"publisher\":{\"@id\":\"https:\/\/chg.es\/en\/#organization\"},\"potentialAction\":[{\"@type\":\"SearchAction\",\"target\":{\"@type\":\"EntryPoint\",\"urlTemplate\":\"https:\/\/chg.es\/en\/?s={search_term_string}\"},\"query-input\":\"required name=search_term_string\"}],\"inLanguage\":\"en-US\"},{\"@type\":\"Organization\",\"@id\":\"https:\/\/chg.es\/en\/#organization\",\"name\":\"CHG\",\"url\":\"https:\/\/chg.es\/en\/\",\"logo\":{\"@type\":\"ImageObject\",\"inLanguage\":\"en-US\",\"@id\":\"https:\/\/chg.es\/en\/#\/schema\/logo\/image\/\",\"url\":\"https:\/\/chg.es\/wp-content\/uploads\/2022\/09\/logo-chg.svg\",\"contentUrl\":\"https:\/\/chg.es\/wp-content\/uploads\/2022\/09\/logo-chg.svg\",\"caption\":\"CHG\"},\"image\":{\"@id\":\"https:\/\/chg.es\/en\/#\/schema\/logo\/image\/\"},\"sameAs\":[\"https:\/\/www.facebook.com\/chgconstrucciones\/\",\"https:\/\/www.instagram.com\/chg.es\/\",\"https:\/\/www.linkedin.com\/company\/construcciones-hispano-germanas\/about\/\"]}]}<\/script>\n<!-- \/ Yoast SEO plugin. -->","yoast_head_json":{"title":"Garantieleistungen CHG - CHG","description":"Wir bei CHG bieten unseren Kunden diverse Garantieleistungen. Unser Bauunternehmen mit jahrelanger Erfahrung ist die Nr. 1 in Sachen Qualit\u00e4t und Service","robots":{"index":"index","follow":"follow","max-snippet":"max-snippet:-1","max-image-preview":"max-image-preview:large","max-video-preview":"max-video-preview:-1"},"canonical":"https:\/\/chg.es\/garantieleistungen-der-chg","og_locale":"en_US","og_type":"article","og_title":"Garantieleistungen CHG - CHG","og_description":"Wir bei CHG bieten unseren Kunden diverse Garantieleistungen. Unser Bauunternehmen mit jahrelanger Erfahrung ist die Nr. 1 in Sachen Qualit\u00e4t und Service","og_url":"https:\/\/chg.es\/garantieleistungen-der-chg","og_site_name":"CHG","article_publisher":"https:\/\/www.facebook.com\/chgconstrucciones\/","article_modified_time":"2025-02-03T13:52:16+00:00","og_image":[{"url":"https:\/\/chg.es\/wp-content\/uploads\/2025\/01\/IconosCHG_ControlCalidad.png"}],"twitter_card":"summary_large_image","twitter_title":"Garantieleistungen CHG - CHG","twitter_description":"Wir bei CHG bieten unseren Kunden diverse Garantieleistungen. Unser Bauunternehmen mit jahrelanger Erfahrung ist die Nr. 1 in Sachen Qualit\u00e4t und Service","twitter_misc":{"Est. reading time":"4 minutes"},"schema":{"@context":"https:\/\/schema.org","@graph":[{"@type":"WebPage","@id":"https:\/\/chg.es\/garantieleistungen-der-chg","url":"https:\/\/chg.es\/garantieleistungen-der-chg","name":"Garantieleistungen CHG - CHG","isPartOf":{"@id":"https:\/\/chg.es\/en\/#website"},"primaryImageOfPage":{"@id":"https:\/\/chg.es\/garantieleistungen-der-chg#primaryimage"},"image":{"@id":"https:\/\/chg.es\/garantieleistungen-der-chg#primaryimage"},"thumbnailUrl":"https:\/\/chg.es\/wp-content\/uploads\/2025\/01\/IconosCHG_ControlCalidad.png","datePublished":"2022-09-28T11:37:14+00:00","dateModified":"2025-02-03T13:52:16+00:00","description":"Wir bei CHG bieten unseren Kunden diverse Garantieleistungen. Unser Bauunternehmen mit jahrelanger Erfahrung ist die Nr. 1 in Sachen Qualit\u00e4t und Service","breadcrumb":{"@id":"https:\/\/chg.es\/garantieleistungen-der-chg#breadcrumb"},"inLanguage":"en-US","potentialAction":[{"@type":"ReadAction","target":["https:\/\/chg.es\/garantieleistungen-der-chg"]}]},{"@type":"ImageObject","inLanguage":"en-US","@id":"https:\/\/chg.es\/garantieleistungen-der-chg#primaryimage","url":"https:\/\/chg.es\/wp-content\/uploads\/2025\/01\/IconosCHG_ControlCalidad.png","contentUrl":"https:\/\/chg.es\/wp-content\/uploads\/2025\/01\/IconosCHG_ControlCalidad.png"},{"@type":"BreadcrumbList","@id":"https:\/\/chg.es\/garantieleistungen-der-chg#breadcrumb","itemListElement":[{"@type":"ListItem","position":1,"name":"Home","item":"https:\/\/chg.es\/terrace-season-has-started-here-s-how-to-enjoy-it-to-the-fullest"},{"@type":"ListItem","position":2,"name":"Garantieleistungen CHG"}]},{"@type":"WebSite","@id":"https:\/\/chg.es\/en\/#website","url":"https:\/\/chg.es\/en\/","name":"CHG","description":"CHG","publisher":{"@id":"https:\/\/chg.es\/en\/#organization"},"potentialAction":[{"@type":"SearchAction","target":{"@type":"EntryPoint","urlTemplate":"https:\/\/chg.es\/en\/?s={search_term_string}"},"query-input":"required name=search_term_string"}],"inLanguage":"en-US"},{"@type":"Organization","@id":"https:\/\/chg.es\/en\/#organization","name":"CHG","url":"https:\/\/chg.es\/en\/","logo":{"@type":"ImageObject","inLanguage":"en-US","@id":"https:\/\/chg.es\/en\/#\/schema\/logo\/image\/","url":"https:\/\/chg.es\/wp-content\/uploads\/2022\/09\/logo-chg.svg","contentUrl":"https:\/\/chg.es\/wp-content\/uploads\/2022\/09\/logo-chg.svg","caption":"CHG"},"image":{"@id":"https:\/\/chg.es\/en\/#\/schema\/logo\/image\/"},"sameAs":["https:\/\/www.facebook.com\/chgconstrucciones\/","https:\/\/www.instagram.com\/chg.es\/","https:\/\/www.linkedin.com\/company\/construcciones-hispano-germanas\/about\/"]}]}},"_links":{"self":[{"href":"https:\/\/chg.es\/en\/wp-json\/wp\/v2\/pages\/29458","targetHints":{"allow":["GET"]}}],"collection":[{"href":"https:\/\/chg.es\/en\/wp-json\/wp\/v2\/pages"}],"about":[{"href":"https:\/\/chg.es\/en\/wp-json\/wp\/v2\/types\/page"}],"author":[{"embeddable":true,"href":"https:\/\/chg.es\/en\/wp-json\/wp\/v2\/users\/1"}],"replies":[{"embeddable":true,"href":"https:\/\/chg.es\/en\/wp-json\/wp\/v2\/comments?post=29458"}],"version-history":[{"count":0,"href":"https:\/\/chg.es\/en\/wp-json\/wp\/v2\/pages\/29458\/revisions"}],"wp:attachment":[{"href":"https:\/\/chg.es\/en\/wp-json\/wp\/v2\/media?parent=29458"}],"curies":[{"name":"wp","href":"https:\/\/api.w.org\/{rel}","templated":true}]}}