{"id":14,"date":"2022-09-28T11:01:18","date_gmt":"2022-09-28T09:01:18","guid":{"rendered":"https:\/\/chg.es\/?page_id=14"},"modified":"2025-07-03T16:11:50","modified_gmt":"2025-07-03T14:11:50","slug":"obra-nueva-costa-blanca","status":"publish","type":"page","link":"https:\/\/chg.es\/fr\/obra-nueva-costa-blanca","title":{"rendered":"Obra nueva Costa Blanca"},"content":{"rendered":"\t\t<div data-elementor-type=\"wp-page\" data-elementor-id=\"14\" class=\"elementor elementor-14\" data-elementor-post-type=\"page\">\n\t\t\t\t\t\t<section class=\"elementor-section elementor-top-section elementor-element elementor-element-e7a5b66 elementor-section-full_width custom-header header-sm elementor-section-content-middle elementor-section-height-default elementor-section-height-default\" data-id=\"e7a5b66\" data-element_type=\"section\" data-settings=\"{&quot;background_background&quot;:&quot;classic&quot;}\">\n\t\t\t\t\t\t\t<div class=\"elementor-background-overlay\"><\/div>\n\t\t\t\t\t\t\t<div class=\"elementor-container elementor-column-gap-no\">\n\t\t\t\t\t<div class=\"elementor-column elementor-col-100 elementor-top-column elementor-element elementor-element-c083ccf\" data-id=\"c083ccf\" data-element_type=\"column\">\n\t\t\t<div class=\"elementor-widget-wrap elementor-element-populated\">\n\t\t\t\t\t\t<div class=\"elementor-element elementor-element-213f607 elementor-widget elementor-widget-heading\" data-id=\"213f607\" data-element_type=\"widget\" data-widget_type=\"heading.default\">\n\t\t\t\t<div class=\"elementor-widget-container\">\n\t\t\t<h1 class=\"elementor-heading-title elementor-size-default\">Obra nueva Costa Blanca<\/h1>\t\t<\/div>\n\t\t\t\t<\/div>\n\t\t\t\t<div class=\"elementor-element elementor-element-e33c111 elementor-align-center custom-breadcrums no-parent elementor-widget elementor-widget-breadcrumbs\" data-id=\"e33c111\" data-element_type=\"widget\" data-widget_type=\"breadcrumbs.default\">\n\t\t\t\t<div class=\"elementor-widget-container\">\n\t\t\t<p id=\"breadcrumbs\"><span><span><a href=\"https:\/\/chg.es\/\">Home<\/a><\/span><\/span><\/p>\t\t<\/div>\n\t\t\t\t<\/div>\n\t\t\t\t\t<\/div>\n\t\t<\/div>\n\t\t\t\t\t<\/div>\n\t\t<\/section>\n\t\t\t\t<section class=\"elementor-section elementor-top-section elementor-element elementor-element-a4fca89 elementor-section-full_width section-espacio elementor-section-content-middle elementor-section-height-default elementor-section-height-default\" data-id=\"a4fca89\" data-element_type=\"section\">\n\t\t\t\t\t\t<div class=\"elementor-container elementor-column-gap-no\">\n\t\t\t\t\t<div class=\"elementor-column elementor-col-66 elementor-top-column elementor-element elementor-element-dc10b75 col-img\" data-id=\"dc10b75\" data-element_type=\"column\">\n\t\t\t<div class=\"elementor-widget-wrap elementor-element-populated\">\n\t\t\t\t\t\t<div class=\"elementor-element elementor-element-c2bf073 elementor-hidden-desktop elementor-hidden-tablet elementor-widget elementor-widget-image\" data-id=\"c2bf073\" data-element_type=\"widget\" data-widget_type=\"image.default\">\n\t\t\t\t<div class=\"elementor-widget-container\">\n\t\t\t\t\t\t\t\t\t\t\t\t\t<img fetchpriority=\"high\" decoding=\"async\" width=\"720\" height=\"520\" src=\"https:\/\/chg.es\/wp-content\/uploads\/2022\/10\/img-puerto-mobile-min.jpg\" class=\"attachment-full size-full wp-image-2782\" alt=\"\" srcset=\"https:\/\/chg.es\/wp-content\/uploads\/2022\/10\/img-puerto-mobile-min.jpg 720w, https:\/\/chg.es\/wp-content\/uploads\/2022\/10\/img-puerto-mobile-min-300x217.jpg 300w\" sizes=\"(max-width: 720px) 100vw, 720px\" \/>\t\t\t\t\t\t\t\t\t\t\t\t\t<\/div>\n\t\t\t\t<\/div>\n\t\t\t\t<div class=\"elementor-element elementor-element-c1bcfe3 elementor-hidden-mobile elementor-widget elementor-widget-image\" data-id=\"c1bcfe3\" data-element_type=\"widget\" data-widget_type=\"image.default\">\n\t\t\t\t<div class=\"elementor-widget-container\">\n\t\t\t\t\t\t\t\t\t\t\t\t\t<img decoding=\"async\" width=\"899\" height=\"600\" src=\"https:\/\/chg.es\/wp-content\/uploads\/2022\/12\/paisaje-exterior-1.jpg\" class=\"attachment-full size-full wp-image-28139\" alt=\"\" srcset=\"https:\/\/chg.es\/wp-content\/uploads\/2022\/12\/paisaje-exterior-1.jpg 899w, https:\/\/chg.es\/wp-content\/uploads\/2022\/12\/paisaje-exterior-1-300x200.jpg 300w, https:\/\/chg.es\/wp-content\/uploads\/2022\/12\/paisaje-exterior-1-768x513.jpg 768w\" sizes=\"(max-width: 899px) 100vw, 899px\" \/>\t\t\t\t\t\t\t\t\t\t\t\t\t<\/div>\n\t\t\t\t<\/div>\n\t\t\t\t\t<\/div>\n\t\t<\/div>\n\t\t\t\t<div class=\"elementor-column elementor-col-33 elementor-top-column elementor-element elementor-element-6b71835 col-text\" data-id=\"6b71835\" data-element_type=\"column\">\n\t\t\t<div class=\"elementor-widget-wrap elementor-element-populated\">\n\t\t\t\t\t\t<section class=\"elementor-section elementor-inner-section elementor-element elementor-element-c78143e box-dark elementor-section-boxed elementor-section-height-default elementor-section-height-default\" data-id=\"c78143e\" data-element_type=\"section\" data-settings=\"{&quot;background_background&quot;:&quot;classic&quot;}\">\n\t\t\t\t\t\t<div class=\"elementor-container elementor-column-gap-default\">\n\t\t\t\t\t<div class=\"elementor-column elementor-col-100 elementor-inner-column elementor-element elementor-element-2e0a0d7\" data-id=\"2e0a0d7\" data-element_type=\"column\">\n\t\t\t<div class=\"elementor-widget-wrap elementor-element-populated\">\n\t\t\t\t\t\t<div class=\"elementor-element elementor-element-7021d6d elementor-widget elementor-widget-heading\" data-id=\"7021d6d\" data-element_type=\"widget\" data-widget_type=\"heading.default\">\n\t\t\t\t<div class=\"elementor-widget-container\">\n\t\t\t<h2 class=\"elementor-heading-title elementor-size-default\">Un espacio <span>extraordinario<\/span><\/h2>\t\t<\/div>\n\t\t\t\t<\/div>\n\t\t\t\t<div class=\"elementor-element elementor-element-070d14b elementor-widget elementor-widget-text-editor\" data-id=\"070d14b\" data-element_type=\"widget\" data-widget_type=\"text-editor.default\">\n\t\t\t\t<div class=\"elementor-widget-container\">\n\t\t\t\t\t\t\t<p>CHG es la principal promotora inmobiliaria de la Costa Blanca con una amplia selecci\u00f3n de viviendas que le permitir\u00e1 escoger entre m\u00faltiples opciones adaptadas a cualquiera de sus necesidades.<\/p><p>Con una exclusiva ubicaci\u00f3n cerca del Mar Mediterr\u00e1neo, disponemos de viviendas situadas en Oliva Nova Beach &amp; Golf Resort, a pie de campo de golf y al lado del Centro Ecuestre Oliva Nova.<\/p>\t\t\t\t\t\t<\/div>\n\t\t\t\t<\/div>\n\t\t\t\t\t<\/div>\n\t\t<\/div>\n\t\t\t\t\t<\/div>\n\t\t<\/section>\n\t\t\t\t\t<\/div>\n\t\t<\/div>\n\t\t\t\t\t<\/div>\n\t\t<\/section>\n\t\t\t\t<section class=\"elementor-section elementor-top-section elementor-element elementor-element-7b3c2c0 section-title-inmobiliaria elementor-section-boxed elementor-section-height-default elementor-section-height-default\" data-id=\"7b3c2c0\" data-element_type=\"section\">\n\t\t\t\t\t\t<div class=\"elementor-container elementor-column-gap-default\">\n\t\t\t\t\t<div class=\"elementor-column elementor-col-100 elementor-top-column elementor-element elementor-element-135a533\" data-id=\"135a533\" data-element_type=\"column\">\n\t\t\t<div class=\"elementor-widget-wrap elementor-element-populated\">\n\t\t\t\t\t\t<div class=\"elementor-element elementor-element-9f76da2 title-logo-bg elementor-widget elementor-widget-heading\" data-id=\"9f76da2\" data-element_type=\"widget\" data-widget_type=\"heading.default\">\n\t\t\t\t<div class=\"elementor-widget-container\">\n\t\t\t<h2 class=\"elementor-heading-title elementor-size-default\">Conf\u00ede en la mejor promotora inmobiliaria en la Costa Blanca.<\/h2>\t\t<\/div>\n\t\t\t\t<\/div>\n\t\t\t\t\t<\/div>\n\t\t<\/div>\n\t\t\t\t\t<\/div>\n\t\t<\/section>\n\t\t\t\t<section class=\"elementor-section elementor-top-section elementor-element elementor-element-5687a87 section-inmobiliaria elementor-section-boxed elementor-section-height-default elementor-section-height-default\" data-id=\"5687a87\" data-element_type=\"section\">\n\t\t\t\t\t\t<div class=\"elementor-container elementor-column-gap-default\">\n\t\t\t\t\t<div class=\"elementor-column elementor-col-50 elementor-top-column elementor-element elementor-element-288b7cf\" data-id=\"288b7cf\" data-element_type=\"column\">\n\t\t\t<div class=\"elementor-widget-wrap elementor-element-populated\">\n\t\t\t\t\t\t<div class=\"elementor-element elementor-element-2f528bb elementor-widget elementor-widget-image\" data-id=\"2f528bb\" data-element_type=\"widget\" data-widget_type=\"image.default\">\n\t\t\t\t<div class=\"elementor-widget-container\">\n\t\t\t\t\t\t\t\t\t\t\t\t\t\t<a href=\"\/obra-nueva-costa-blanca\/apartamentos-en-la-costa-blanca\">\n\t\t\t\t\t\t\t<img decoding=\"async\" width=\"770\" height=\"1150\" src=\"https:\/\/chg.es\/wp-content\/uploads\/2024\/03\/La-felicidad-web.jpg\" class=\"attachment-full size-full wp-image-35961\" alt=\"\" srcset=\"https:\/\/chg.es\/wp-content\/uploads\/2024\/03\/La-felicidad-web.jpg 770w, https:\/\/chg.es\/wp-content\/uploads\/2024\/03\/La-felicidad-web-201x300.jpg 201w, https:\/\/chg.es\/wp-content\/uploads\/2024\/03\/La-felicidad-web-686x1024.jpg 686w, https:\/\/chg.es\/wp-content\/uploads\/2024\/03\/La-felicidad-web-768x1147.jpg 768w\" sizes=\"(max-width: 770px) 100vw, 770px\" \/>\t\t\t\t\t\t\t\t<\/a>\n\t\t\t\t\t\t\t\t\t\t\t\t\t<\/div>\n\t\t\t\t<\/div>\n\t\t\t\t<div class=\"elementor-element elementor-element-8a8f58c number elementor-widget elementor-widget-text-editor\" data-id=\"8a8f58c\" data-element_type=\"widget\" data-widget_type=\"text-editor.default\">\n\t\t\t\t<div class=\"elementor-widget-container\">\n\t\t\t\t\t\t\t<p>01<\/p>\t\t\t\t\t\t<\/div>\n\t\t\t\t<\/div>\n\t\t\t\t<div class=\"elementor-element elementor-element-78a6e02 label elementor-widget elementor-widget-text-editor\" data-id=\"78a6e02\" data-element_type=\"widget\" data-widget_type=\"text-editor.default\">\n\t\t\t\t<div class=\"elementor-widget-container\">\n\t\t\t\t\t\t\t<p>Apartamentos\u00a0<\/p><p>Costa Blanca<\/p>\t\t\t\t\t\t<\/div>\n\t\t\t\t<\/div>\n\t\t\t\t\t<\/div>\n\t\t<\/div>\n\t\t\t\t<div class=\"elementor-column elementor-col-50 elementor-top-column elementor-element elementor-element-2544997\" data-id=\"2544997\" data-element_type=\"column\">\n\t\t\t<div class=\"elementor-widget-wrap elementor-element-populated\">\n\t\t\t\t\t\t<div class=\"elementor-element elementor-element-185d9d1 elementor-widget elementor-widget-image\" data-id=\"185d9d1\" data-element_type=\"widget\" data-widget_type=\"image.default\">\n\t\t\t\t<div class=\"elementor-widget-container\">\n\t\t\t\t\t\t\t\t\t\t\t\t\t\t<a href=\"https:\/\/chg.es\/obra-nueva-costa-blanca\/villas-apartamentos-de-lujo-costa-blanca\">\n\t\t\t\t\t\t\t<img loading=\"lazy\" decoding=\"async\" width=\"770\" height=\"1150\" src=\"https:\/\/chg.es\/wp-content\/uploads\/2024\/03\/villa-moderna.jpg\" class=\"attachment-full size-full wp-image-35966\" alt=\"\" srcset=\"https:\/\/chg.es\/wp-content\/uploads\/2024\/03\/villa-moderna.jpg 770w, https:\/\/chg.es\/wp-content\/uploads\/2024\/03\/villa-moderna-201x300.jpg 201w, https:\/\/chg.es\/wp-content\/uploads\/2024\/03\/villa-moderna-686x1024.jpg 686w, https:\/\/chg.es\/wp-content\/uploads\/2024\/03\/villa-moderna-768x1147.jpg 768w\" sizes=\"(max-width: 770px) 100vw, 770px\" \/>\t\t\t\t\t\t\t\t<\/a>\n\t\t\t\t\t\t\t\t\t\t\t\t\t<\/div>\n\t\t\t\t<\/div>\n\t\t\t\t<div class=\"elementor-element elementor-element-164d305 number elementor-widget elementor-widget-text-editor\" data-id=\"164d305\" data-element_type=\"widget\" data-widget_type=\"text-editor.default\">\n\t\t\t\t<div class=\"elementor-widget-container\">\n\t\t\t\t\t\t\t<p>02<\/p>\t\t\t\t\t\t<\/div>\n\t\t\t\t<\/div>\n\t\t\t\t<div class=\"elementor-element elementor-element-e448cfd label elementor-widget elementor-widget-text-editor\" data-id=\"e448cfd\" data-element_type=\"widget\" data-widget_type=\"text-editor.default\">\n\t\t\t\t<div class=\"elementor-widget-container\">\n\t\t\t\t\t\t\t<p>VILLAS DE LUJO<\/p><p>Costa Blanca<\/p>\t\t\t\t\t\t<\/div>\n\t\t\t\t<\/div>\n\t\t\t\t\t<\/div>\n\t\t<\/div>\n\t\t\t\t\t<\/div>\n\t\t<\/section>\n\t\t\t\t<\/div>\n\t\t","protected":false},"excerpt":{"rendered":"<p>Obra nueva Costa Blanca Un espacio extraordinario CHG es la principal promotora inmobiliaria de la Costa Blanca con una amplia selecci\u00f3n de viviendas que le permitir\u00e1 escoger entre m\u00faltiples opciones adaptadas a cualquiera de sus necesidades. Con una exclusiva ubicaci\u00f3n cerca del Mar Mediterr\u00e1neo, disponemos de viviendas situadas en Oliva Nova Beach &amp; Golf Resort,&hellip;<\/p>\n","protected":false},"author":1,"featured_media":28046,"parent":0,"menu_order":0,"comment_status":"closed","ping_status":"closed","template":"elementor_header_footer","meta":{"footnotes":""},"class_list":["post-14","page","type-page","status-publish","has-post-thumbnail","hentry"],"yoast_head":"<!-- This site is optimized with the Yoast SEO plugin v22.4 - https:\/\/yoast.com\/wordpress\/plugins\/seo\/ -->\n<title>Obra nueva en la Costa Blanca | Casas con alma<\/title>\n<meta name=\"description\" content=\"Casas nuevas construidas con detalle, junto al mar o rodeadas de naturaleza. En D\u00e9nia, Oliva o J\u00e1vea, te ayudamos a vivir donde sue\u00f1as.\" \/>\n<meta name=\"robots\" content=\"index, follow, max-snippet:-1, max-image-preview:large, max-video-preview:-1\" \/>\n<link rel=\"canonical\" href=\"https:\/\/chg.es\/obra-nueva-costa-blanca\" \/>\n<meta property=\"og:locale\" content=\"fr_FR\" \/>\n<meta property=\"og:type\" content=\"article\" \/>\n<meta property=\"og:title\" content=\"Obra nueva costa blanca - CHG\" \/>\n<meta property=\"og:description\" content=\"Obra nueva en la Costa Blanca con apartamentos, villas y chalets de lujo en complejos residenciales. Viviendas cerca del campo de golf Oliva Nova y de la playa\" \/>\n<meta property=\"og:url\" content=\"https:\/\/chg.es\/obra-nueva-costa-blanca\" \/>\n<meta property=\"og:site_name\" content=\"CHG\" \/>\n<meta property=\"article:publisher\" content=\"https:\/\/www.facebook.com\/chgconstrucciones\/\" \/>\n<meta property=\"article:modified_time\" content=\"2025-07-03T14:11:50+00:00\" \/>\n<meta property=\"og:image\" content=\"https:\/\/chg.es\/wp-content\/uploads\/2022\/11\/0001.jpg\" \/>\n\t<meta property=\"og:image:width\" content=\"2000\" \/>\n\t<meta property=\"og:image:height\" content=\"1335\" \/>\n\t<meta property=\"og:image:type\" content=\"image\/jpeg\" \/>\n<meta name=\"twitter:card\" content=\"summary_large_image\" \/>\n<meta name=\"twitter:title\" content=\"Obra nueva costa blanca - CHG\" \/>\n<meta name=\"twitter:description\" content=\"Obra nueva en la Costa Blanca con apartamentos, villas y chalets de lujo en complejos residenciales. Viviendas cerca del campo de golf Oliva Nova y de la playa\" \/>\n<meta name=\"twitter:label1\" content=\"Dur\u00e9e de lecture estim\u00e9e\" \/>\n\t<meta name=\"twitter:data1\" content=\"2 minutes\" \/>\n<script type=\"application\/ld+json\" class=\"yoast-schema-graph\">{\"@context\":\"https:\/\/schema.org\",\"@graph\":[{\"@type\":\"WebPage\",\"@id\":\"https:\/\/chg.es\/obra-nueva-costa-blanca\",\"url\":\"https:\/\/chg.es\/obra-nueva-costa-blanca\",\"name\":\"Obra nueva en la Costa Blanca | Casas con alma\",\"isPartOf\":{\"@id\":\"https:\/\/chg.es\/en\/#website\"},\"primaryImageOfPage\":{\"@id\":\"https:\/\/chg.es\/obra-nueva-costa-blanca#primaryimage\"},\"image\":{\"@id\":\"https:\/\/chg.es\/obra-nueva-costa-blanca#primaryimage\"},\"thumbnailUrl\":\"https:\/\/chg.es\/wp-content\/uploads\/2022\/11\/0001.jpg\",\"datePublished\":\"2022-09-28T09:01:18+00:00\",\"dateModified\":\"2025-07-03T14:11:50+00:00\",\"description\":\"Casas nuevas construidas con detalle, junto al mar o rodeadas de naturaleza. En D\u00e9nia, Oliva o J\u00e1vea, te ayudamos a vivir donde sue\u00f1as.\",\"breadcrumb\":{\"@id\":\"https:\/\/chg.es\/obra-nueva-costa-blanca#breadcrumb\"},\"inLanguage\":\"fr-FR\",\"potentialAction\":[{\"@type\":\"ReadAction\",\"target\":[\"https:\/\/chg.es\/obra-nueva-costa-blanca\"]}]},{\"@type\":\"ImageObject\",\"inLanguage\":\"fr-FR\",\"@id\":\"https:\/\/chg.es\/obra-nueva-costa-blanca#primaryimage\",\"url\":\"https:\/\/chg.es\/wp-content\/uploads\/2022\/11\/0001.jpg\",\"contentUrl\":\"https:\/\/chg.es\/wp-content\/uploads\/2022\/11\/0001.jpg\",\"width\":2000,\"height\":1335},{\"@type\":\"BreadcrumbList\",\"@id\":\"https:\/\/chg.es\/obra-nueva-costa-blanca#breadcrumb\",\"itemListElement\":[{\"@type\":\"ListItem\",\"position\":1,\"name\":\"Home\",\"item\":\"https:\/\/chg.es\/\"},{\"@type\":\"ListItem\",\"position\":2,\"name\":\"Obra nueva Costa Blanca\"}]},{\"@type\":\"WebSite\",\"@id\":\"https:\/\/chg.es\/en\/#website\",\"url\":\"https:\/\/chg.es\/en\/\",\"name\":\"CHG\",\"description\":\"CHG\",\"publisher\":{\"@id\":\"https:\/\/chg.es\/en\/#organization\"},\"potentialAction\":[{\"@type\":\"SearchAction\",\"target\":{\"@type\":\"EntryPoint\",\"urlTemplate\":\"https:\/\/chg.es\/en\/?s={search_term_string}\"},\"query-input\":\"required name=search_term_string\"}],\"inLanguage\":\"fr-FR\"},{\"@type\":\"Organization\",\"@id\":\"https:\/\/chg.es\/en\/#organization\",\"name\":\"CHG\",\"url\":\"https:\/\/chg.es\/en\/\",\"logo\":{\"@type\":\"ImageObject\",\"inLanguage\":\"fr-FR\",\"@id\":\"https:\/\/chg.es\/en\/#\/schema\/logo\/image\/\",\"url\":\"https:\/\/chg.es\/wp-content\/uploads\/2022\/09\/logo-chg.svg\",\"contentUrl\":\"https:\/\/chg.es\/wp-content\/uploads\/2022\/09\/logo-chg.svg\",\"caption\":\"CHG\"},\"image\":{\"@id\":\"https:\/\/chg.es\/en\/#\/schema\/logo\/image\/\"},\"sameAs\":[\"https:\/\/www.facebook.com\/chgconstrucciones\/\",\"https:\/\/www.instagram.com\/chg.es\/\",\"https:\/\/www.linkedin.com\/company\/construcciones-hispano-germanas\/about\/\"]}]}<\/script>\n<!-- \/ Yoast SEO plugin. -->","yoast_head_json":{"title":"Obra nueva en la Costa Blanca | Casas con alma","description":"Casas nuevas construidas con detalle, junto al mar o rodeadas de naturaleza. En D\u00e9nia, Oliva o J\u00e1vea, te ayudamos a vivir donde sue\u00f1as.","robots":{"index":"index","follow":"follow","max-snippet":"max-snippet:-1","max-image-preview":"max-image-preview:large","max-video-preview":"max-video-preview:-1"},"canonical":"https:\/\/chg.es\/obra-nueva-costa-blanca","og_locale":"fr_FR","og_type":"article","og_title":"Obra nueva costa blanca - CHG","og_description":"Obra nueva en la Costa Blanca con apartamentos, villas y chalets de lujo en complejos residenciales. Viviendas cerca del campo de golf Oliva Nova y de la playa","og_url":"https:\/\/chg.es\/obra-nueva-costa-blanca","og_site_name":"CHG","article_publisher":"https:\/\/www.facebook.com\/chgconstrucciones\/","article_modified_time":"2025-07-03T14:11:50+00:00","og_image":[{"width":2000,"height":1335,"url":"https:\/\/chg.es\/wp-content\/uploads\/2022\/11\/0001.jpg","type":"image\/jpeg"}],"twitter_card":"summary_large_image","twitter_title":"Obra nueva costa blanca - CHG","twitter_description":"Obra nueva en la Costa Blanca con apartamentos, villas y chalets de lujo en complejos residenciales. Viviendas cerca del campo de golf Oliva Nova y de la playa","twitter_misc":{"Dur\u00e9e de lecture estim\u00e9e":"2 minutes"},"schema":{"@context":"https:\/\/schema.org","@graph":[{"@type":"WebPage","@id":"https:\/\/chg.es\/obra-nueva-costa-blanca","url":"https:\/\/chg.es\/obra-nueva-costa-blanca","name":"Obra nueva en la Costa Blanca | Casas con alma","isPartOf":{"@id":"https:\/\/chg.es\/en\/#website"},"primaryImageOfPage":{"@id":"https:\/\/chg.es\/obra-nueva-costa-blanca#primaryimage"},"image":{"@id":"https:\/\/chg.es\/obra-nueva-costa-blanca#primaryimage"},"thumbnailUrl":"https:\/\/chg.es\/wp-content\/uploads\/2022\/11\/0001.jpg","datePublished":"2022-09-28T09:01:18+00:00","dateModified":"2025-07-03T14:11:50+00:00","description":"Casas nuevas construidas con detalle, junto al mar o rodeadas de naturaleza. En D\u00e9nia, Oliva o J\u00e1vea, te ayudamos a vivir donde sue\u00f1as.","breadcrumb":{"@id":"https:\/\/chg.es\/obra-nueva-costa-blanca#breadcrumb"},"inLanguage":"fr-FR","potentialAction":[{"@type":"ReadAction","target":["https:\/\/chg.es\/obra-nueva-costa-blanca"]}]},{"@type":"ImageObject","inLanguage":"fr-FR","@id":"https:\/\/chg.es\/obra-nueva-costa-blanca#primaryimage","url":"https:\/\/chg.es\/wp-content\/uploads\/2022\/11\/0001.jpg","contentUrl":"https:\/\/chg.es\/wp-content\/uploads\/2022\/11\/0001.jpg","width":2000,"height":1335},{"@type":"BreadcrumbList","@id":"https:\/\/chg.es\/obra-nueva-costa-blanca#breadcrumb","itemListElement":[{"@type":"ListItem","position":1,"name":"Home","item":"https:\/\/chg.es\/"},{"@type":"ListItem","position":2,"name":"Obra nueva Costa Blanca"}]},{"@type":"WebSite","@id":"https:\/\/chg.es\/en\/#website","url":"https:\/\/chg.es\/en\/","name":"CHG","description":"CHG","publisher":{"@id":"https:\/\/chg.es\/en\/#organization"},"potentialAction":[{"@type":"SearchAction","target":{"@type":"EntryPoint","urlTemplate":"https:\/\/chg.es\/en\/?s={search_term_string}"},"query-input":"required name=search_term_string"}],"inLanguage":"fr-FR"},{"@type":"Organization","@id":"https:\/\/chg.es\/en\/#organization","name":"CHG","url":"https:\/\/chg.es\/en\/","logo":{"@type":"ImageObject","inLanguage":"fr-FR","@id":"https:\/\/chg.es\/en\/#\/schema\/logo\/image\/","url":"https:\/\/chg.es\/wp-content\/uploads\/2022\/09\/logo-chg.svg","contentUrl":"https:\/\/chg.es\/wp-content\/uploads\/2022\/09\/logo-chg.svg","caption":"CHG"},"image":{"@id":"https:\/\/chg.es\/en\/#\/schema\/logo\/image\/"},"sameAs":["https:\/\/www.facebook.com\/chgconstrucciones\/","https:\/\/www.instagram.com\/chg.es\/","https:\/\/www.linkedin.com\/company\/construcciones-hispano-germanas\/about\/"]}]}},"_links":{"self":[{"href":"https:\/\/chg.es\/fr\/wp-json\/wp\/v2\/pages\/14","targetHints":{"allow":["GET"]}}],"collection":[{"href":"https:\/\/chg.es\/fr\/wp-json\/wp\/v2\/pages"}],"about":[{"href":"https:\/\/chg.es\/fr\/wp-json\/wp\/v2\/types\/page"}],"author":[{"embeddable":true,"href":"https:\/\/chg.es\/fr\/wp-json\/wp\/v2\/users\/1"}],"replies":[{"embeddable":true,"href":"https:\/\/chg.es\/fr\/wp-json\/wp\/v2\/comments?post=14"}],"version-history":[{"count":0,"href":"https:\/\/chg.es\/fr\/wp-json\/wp\/v2\/pages\/14\/revisions"}],"wp:featuredmedia":[{"embeddable":true,"href":"https:\/\/chg.es\/fr\/wp-json\/wp\/v2\/media\/28046"}],"wp:attachment":[{"href":"https:\/\/chg.es\/fr\/wp-json\/wp\/v2\/media?parent=14"}],"curies":[{"name":"wp","href":"https:\/\/api.w.org\/{rel}","templated":true}]}}