{"id":29457,"date":"2022-09-28T13:37:14","date_gmt":"2022-09-28T11:37:14","guid":{"rendered":"https:\/\/chg.es\/garantias-chg-inmobiliaria-de-lujo"},"modified":"2025-02-03T15:02:22","modified_gmt":"2025-02-03T13:02:22","slug":"garanties-chg","status":"publish","type":"page","link":"https:\/\/chg.es\/fr\/garanties-chg","title":{"rendered":"Garant\u00edas CHG"},"content":{"rendered":"\t\t<div data-elementor-type=\"wp-page\" data-elementor-id=\"29457\" class=\"elementor elementor-29457 elementor-76\" data-elementor-post-type=\"page\">\n\t\t\t\t\t\t<section class=\"elementor-section elementor-top-section elementor-element elementor-element-62aa66a elementor-section-full_width custom-header header-sm elementor-section-content-middle elementor-section-height-default elementor-section-height-default\" data-id=\"62aa66a\" data-element_type=\"section\" data-settings=\"{&quot;background_background&quot;:&quot;classic&quot;}\">\n\t\t\t\t\t\t\t<div class=\"elementor-background-overlay\"><\/div>\n\t\t\t\t\t\t\t<div class=\"elementor-container elementor-column-gap-no\">\n\t\t\t\t\t<div class=\"elementor-column elementor-col-100 elementor-top-column elementor-element elementor-element-25d4e50\" data-id=\"25d4e50\" data-element_type=\"column\">\n\t\t\t<div class=\"elementor-widget-wrap elementor-element-populated\">\n\t\t\t\t\t\t<div class=\"elementor-element elementor-element-b311db4 elementor-widget elementor-widget-heading\" data-id=\"b311db4\" data-element_type=\"widget\" data-widget_type=\"heading.default\">\n\t\t\t\t<div class=\"elementor-widget-container\">\n\t\t\t<h1 class=\"elementor-heading-title elementor-size-default\">Nos Garanties CHG<\/h1>\t\t<\/div>\n\t\t\t\t<\/div>\n\t\t\t\t<div class=\"elementor-element elementor-element-090c0cf elementor-align-center custom-breadcrums no-parent elementor-widget elementor-widget-breadcrumbs\" data-id=\"090c0cf\" data-element_type=\"widget\" data-widget_type=\"breadcrumbs.default\">\n\t\t\t\t<div class=\"elementor-widget-container\">\n\t\t\t<p id=\"breadcrumbs\"><span><span><a href=\"https:\/\/chg.es\/\">Home<\/a><\/span><\/span><\/p>\t\t<\/div>\n\t\t\t\t<\/div>\n\t\t\t\t\t<\/div>\n\t\t<\/div>\n\t\t\t\t\t<\/div>\n\t\t<\/section>\n\t\t\t\t<section class=\"elementor-section elementor-top-section elementor-element elementor-element-0388acd section-descubre elementor-section-boxed elementor-section-height-default elementor-section-height-default\" data-id=\"0388acd\" data-element_type=\"section\">\n\t\t\t\t\t\t<div class=\"elementor-container elementor-column-gap-default\">\n\t\t\t\t\t<div class=\"elementor-column elementor-col-100 elementor-top-column elementor-element elementor-element-ed70dfa\" data-id=\"ed70dfa\" data-element_type=\"column\">\n\t\t\t<div class=\"elementor-widget-wrap elementor-element-populated\">\n\t\t\t\t\t\t<div class=\"elementor-element elementor-element-28b5238 title-logo-bg-sm elementor-widget elementor-widget-heading\" data-id=\"28b5238\" data-element_type=\"widget\" data-widget_type=\"heading.default\">\n\t\t\t\t<div class=\"elementor-widget-container\">\n\t\t\t<h2 class=\"elementor-heading-title elementor-size-default\">Tranquillit\u00e9 et s\u00e9curit\u00e9 d\u00e8s le premier instant.<\/h2>\t\t<\/div>\n\t\t\t\t<\/div>\n\t\t\t\t<div class=\"elementor-element elementor-element-c819c81 elementor-widget elementor-widget-text-editor\" data-id=\"c819c81\" data-element_type=\"widget\" data-widget_type=\"text-editor.default\">\n\t\t\t\t<div class=\"elementor-widget-container\">\n\t\t\t\t\t\t\t\t\t\t\t\t\t<\/div>\n\t\t\t\t<\/div>\n\t\t\t\t\t<\/div>\n\t\t<\/div>\n\t\t\t\t\t<\/div>\n\t\t<\/section>\n\t\t\t\t<section class=\"elementor-section elementor-top-section elementor-element elementor-element-27dd737 elementor-section-boxed elementor-section-height-default elementor-section-height-default\" data-id=\"27dd737\" data-element_type=\"section\">\n\t\t\t\t\t\t<div class=\"elementor-container elementor-column-gap-default\">\n\t\t\t\t\t<div class=\"elementor-column elementor-col-33 elementor-top-column elementor-element elementor-element-bd18e11\" data-id=\"bd18e11\" data-element_type=\"column\">\n\t\t\t<div class=\"elementor-widget-wrap elementor-element-populated\">\n\t\t\t\t\t\t<div class=\"elementor-element elementor-element-dc41317 elementor-widget elementor-widget-text-editor\" data-id=\"dc41317\" data-element_type=\"widget\" data-widget_type=\"text-editor.default\">\n\t\t\t\t<div class=\"elementor-widget-container\">\n\t\t\t\t\t\t\t<div>\u00a0<\/div><div>\u00a0<\/div><div style=\"text-align: center; max-width: 800px; margin: auto;\"><p><img decoding=\"async\" style=\"max-width: 100px; margin: 0 auto;\" src=\"https:\/\/chg.es\/wp-content\/uploads\/2025\/01\/IconosCHG_ControlCalidad.png\" alt=\"Control de Calidad CHG\" \/><\/p><h1 style=\"font-size: 2em; color: #000000; margin: 10px 0;\">Qualit\u00e9<\/h1><p style=\"text-align: justify;\">CHG couvre toutes les d\u00e9faillances visibles pendant 12 mois apr\u00e8s la remise des cl\u00e9s. De plus, nous prenons en charge pendant 10 ans d&rsquo;\u00e9ventuels d\u00e9fauts structurels dans les fondations, les murs porteurs et autres \u00e9l\u00e9ments cl\u00e9s.<\/p><\/div>\t\t\t\t\t\t<\/div>\n\t\t\t\t<\/div>\n\t\t\t\t\t<\/div>\n\t\t<\/div>\n\t\t\t\t<div class=\"elementor-column elementor-col-33 elementor-top-column elementor-element elementor-element-e8c52fd\" data-id=\"e8c52fd\" data-element_type=\"column\">\n\t\t\t<div class=\"elementor-widget-wrap elementor-element-populated\">\n\t\t\t\t\t\t<div class=\"elementor-element elementor-element-e997ecd elementor-widget elementor-widget-text-editor\" data-id=\"e997ecd\" data-element_type=\"widget\" data-widget_type=\"text-editor.default\">\n\t\t\t\t<div class=\"elementor-widget-container\">\n\t\t\t\t\t\t\t<div>\u00a0<\/div><div>\u00a0<\/div><div>\u00a0<\/div><div style=\"text-align: center; max-width: 800px; margin: auto;\"><p><img decoding=\"async\" style=\"max-width: 100px; margin: 0 auto;\" src=\"https:\/\/chg.es\/wp-content\/uploads\/2025\/01\/IconosCHG_PrecioFijado.png\" alt=\"Precio Fijo CHG\" \/><\/p><h1 style=\"font-size: 2em; color: #000000; margin: 10px 0;\">Prix Fixe<\/h1><\/div><p>Dans cette agence immobili\u00e8re de luxe, nous garantissons un prix fixe lors de la signature du contrat d&rsquo;achat. Depuis 1972, il n&rsquo;y a eu aucun cas de calcul ou de facturation r\u00e9troactive. Nos prix incluent tous les frais, tels que les honoraires des architectes, les permis, les notaires et l&rsquo;activation des services.<\/p>\t\t\t\t\t\t<\/div>\n\t\t\t\t<\/div>\n\t\t\t\t\t<\/div>\n\t\t<\/div>\n\t\t\t\t<div class=\"elementor-column elementor-col-33 elementor-top-column elementor-element elementor-element-0f61d66\" data-id=\"0f61d66\" data-element_type=\"column\">\n\t\t\t<div class=\"elementor-widget-wrap elementor-element-populated\">\n\t\t\t\t\t\t<div class=\"elementor-element elementor-element-df6677a elementor-widget elementor-widget-text-editor\" data-id=\"df6677a\" data-element_type=\"widget\" data-widget_type=\"text-editor.default\">\n\t\t\t\t<div class=\"elementor-widget-container\">\n\t\t\t\t\t\t\t<div>\u00a0<\/div><div>\u00a0<\/div><div>\u00a0<\/div><div style=\"text-align: center; max-width: 800px; margin: auto;\"><p><img decoding=\"async\" style=\"max-width: 100px; margin: 0 auto;\" src=\"https:\/\/chg.es\/wp-content\/uploads\/2025\/01\/IconosCHG_Agua.png\" alt=\"Agua CHG\" \/><\/p><h1 style=\"font-size: 2em; color: #000000; margin: 10px 0;\"><strong>Eau<\/strong><\/h1><\/div><p>L&rsquo;approvisionnement en eau est garanti par \u201cAGUAS DE BULLENT, S.A.\u201d, entreprise du groupe CHG, qui est propri\u00e9taire de ses propres puits. Elle fournit de l&rsquo;eau potable de la meilleure qualit\u00e9 \u00e0 plus de sept mille foyers \u00e0 Oliva, y compris le complexe Oliva Nova Golf.\u00a0\u00bb<\/p>\t\t\t\t\t\t<\/div>\n\t\t\t\t<\/div>\n\t\t\t\t\t<\/div>\n\t\t<\/div>\n\t\t\t\t\t<\/div>\n\t\t<\/section>\n\t\t\t\t<section class=\"elementor-section elementor-top-section elementor-element elementor-element-efc12ba elementor-section-boxed elementor-section-height-default elementor-section-height-default\" data-id=\"efc12ba\" data-element_type=\"section\">\n\t\t\t\t\t\t<div class=\"elementor-container elementor-column-gap-default\">\n\t\t\t\t\t<div class=\"elementor-column elementor-col-33 elementor-top-column elementor-element elementor-element-88ecc56\" data-id=\"88ecc56\" data-element_type=\"column\">\n\t\t\t<div class=\"elementor-widget-wrap elementor-element-populated\">\n\t\t\t\t\t\t<div class=\"elementor-element elementor-element-059b851 elementor-widget__width-initial elementor-widget elementor-widget-text-editor\" data-id=\"059b851\" data-element_type=\"widget\" data-widget_type=\"text-editor.default\">\n\t\t\t\t<div class=\"elementor-widget-container\">\n\t\t\t\t\t\t\t<div>\u00a0<\/div><div style=\"text-align: center; max-width: 800px; margin: auto;\"><p><img decoding=\"async\" style=\"max-width: 100px; margin: 0 auto;\" src=\"https:\/\/chg.es\/wp-content\/uploads\/2025\/01\/IconosCHG_Servicios.png\" alt=\"Servicios CHG\" \/><\/p><h1 style=\"font-size: 2em; color: #000000; margin: 10px 0;\">Services<\/h1><\/div><p>Toutes les parcelles de CHG disposent de tous les services inclus dans le prix d&rsquo;achat, tels que la construction de voies, l&rsquo;approvisionnement en eau potable, les lignes \u00e9lectriques et une station de traitement des eaux us\u00e9es.<\/p>\t\t\t\t\t\t<\/div>\n\t\t\t\t<\/div>\n\t\t\t\t\t<\/div>\n\t\t<\/div>\n\t\t\t\t<div class=\"elementor-column elementor-col-33 elementor-top-column elementor-element elementor-element-3715dc6\" data-id=\"3715dc6\" data-element_type=\"column\">\n\t\t\t<div class=\"elementor-widget-wrap elementor-element-populated\">\n\t\t\t\t\t\t<div class=\"elementor-element elementor-element-aae2e81 elementor-widget elementor-widget-text-editor\" data-id=\"aae2e81\" data-element_type=\"widget\" data-widget_type=\"text-editor.default\">\n\t\t\t\t<div class=\"elementor-widget-container\">\n\t\t\t\t\t\t\t<div>\u00a0<\/div><div style=\"text-align: center; max-width: 800px; margin: auto;\"><p><img decoding=\"async\" style=\"max-width: 100px; margin: 0 auto;\" src=\"https:\/\/chg.es\/wp-content\/uploads\/2025\/01\/IconosCHG_Financiera.png\" alt=\"Financiera CHG\" \/><\/p><h1 style=\"font-size: 2em; color: #000000; margin: 10px 0;\">Financi\u00e8re<\/h1><\/div><p>Le capital social du Groupe d&rsquo;Entreprises CHG, enti\u00e8rement lib\u00e9r\u00e9, et ses fonds propres au 31-12-2017 s&rsquo;\u00e9l\u00e8vent \u00e0 66 619 678 \u20ac<\/p>\t\t\t\t\t\t<\/div>\n\t\t\t\t<\/div>\n\t\t\t\t\t<\/div>\n\t\t<\/div>\n\t\t\t\t<div class=\"elementor-column elementor-col-33 elementor-top-column elementor-element elementor-element-ddce27c\" data-id=\"ddce27c\" data-element_type=\"column\">\n\t\t\t<div class=\"elementor-widget-wrap elementor-element-populated\">\n\t\t\t\t\t\t<div class=\"elementor-element elementor-element-0ea2ffb elementor-widget elementor-widget-text-editor\" data-id=\"0ea2ffb\" data-element_type=\"widget\" data-widget_type=\"text-editor.default\">\n\t\t\t\t<div class=\"elementor-widget-container\">\n\t\t\t\t\t\t\t<div>\u00a0<\/div><div style=\"text-align: center; max-width: 800px; margin: auto;\"><p><img decoding=\"async\" style=\"max-width: 100px; margin: 0 auto;\" src=\"https:\/\/chg.es\/wp-content\/uploads\/2025\/01\/IconosCHG_Escritura.png\" alt=\"Propiedad CHG\" \/><\/p><h1 style=\"font-size: 2em; color: #000000; margin: 10px 0;\">Propri\u00e9t\u00e9<\/h1><\/div><p>Nous garantissons par l&rsquo;acte de vente, et son inscription ult\u00e9rieure, que vous serez enregistr\u00e9 au registre foncier en tant que propri\u00e9taire de celui-ci, sans charges ni hypoth\u00e8ques.<\/p>\t\t\t\t\t\t<\/div>\n\t\t\t\t<\/div>\n\t\t\t\t\t<\/div>\n\t\t<\/div>\n\t\t\t\t\t<\/div>\n\t\t<\/section>\n\t\t\t\t<section class=\"elementor-section elementor-top-section elementor-element elementor-element-68c989b elementor-section-boxed elementor-section-height-default elementor-section-height-default\" data-id=\"68c989b\" data-element_type=\"section\">\n\t\t\t\t\t\t<div class=\"elementor-container elementor-column-gap-default\">\n\t\t\t\t\t<div class=\"elementor-column elementor-col-33 elementor-top-column elementor-element elementor-element-04ce694\" data-id=\"04ce694\" data-element_type=\"column\">\n\t\t\t<div class=\"elementor-widget-wrap elementor-element-populated\">\n\t\t\t\t\t\t<div class=\"elementor-element elementor-element-13f0da5 elementor-widget elementor-widget-text-editor\" data-id=\"13f0da5\" data-element_type=\"widget\" data-widget_type=\"text-editor.default\">\n\t\t\t\t<div class=\"elementor-widget-container\">\n\t\t\t\t\t\t\t<div>\u00a0<\/div><div>\u00a0<\/div><div style=\"text-align: center; max-width: 800px; margin: auto;\"><p><img decoding=\"async\" style=\"max-width: 100px; margin: 0 auto;\" src=\"https:\/\/chg.es\/wp-content\/uploads\/2025\/01\/IconosCHG_ExperienciaCHG.png\" alt=\"Experiencia CHG\" \/><\/p><h1 style=\"font-size: 2em; color: #000000; margin: 10px 0;\">Exp\u00e9rience CHG<\/h1><\/div><p>CHG est le principal promoteur immobilier de luxe sur la Costa Blanca, avec une activit\u00e9 prouv\u00e9e depuis 1972. Nos propres conducteurs de travaux, architectes et ing\u00e9nieurs garantissent les crit\u00e8res de qualit\u00e9 les plus exigeants.<\/p>\t\t\t\t\t\t<\/div>\n\t\t\t\t<\/div>\n\t\t\t\t\t<\/div>\n\t\t<\/div>\n\t\t\t\t<div class=\"elementor-column elementor-col-33 elementor-top-column elementor-element elementor-element-82bf2e8\" data-id=\"82bf2e8\" data-element_type=\"column\">\n\t\t\t<div class=\"elementor-widget-wrap elementor-element-populated\">\n\t\t\t\t\t\t<div class=\"elementor-element elementor-element-8201018 elementor-widget elementor-widget-text-editor\" data-id=\"8201018\" data-element_type=\"widget\" data-widget_type=\"text-editor.default\">\n\t\t\t\t<div class=\"elementor-widget-container\">\n\t\t\t\t\t\t\t<div>\u00a0<\/div><div>\u00a0<\/div><div style=\"text-align: center; max-width: 800px; margin: auto;\"><p><img decoding=\"async\" style=\"max-width: 100px; margin: 0 auto;\" src=\"https:\/\/chg.es\/wp-content\/uploads\/2025\/01\/IconosCHG_Seguro.png\" alt=\"Seguro CHG\" \/><\/p><h1 style=\"font-size: 2em; color: #000000; margin: 10px 0;\">Certification ISO 9001<\/h1><\/div><p>Nous sommes le premier promoteur de la Costa Blanca \u00e0 avoir re\u00e7u en novembre 1996 la certification correspondante au syst\u00e8me de contr\u00f4le de qualit\u00e9 UNE EN ISO 9001.<br \/>Pour la conserver et, si n\u00e9cessaire, ajuster son niveau \u00e9lev\u00e9 de qualit\u00e9, CHG met en \u0153uvre un syst\u00e8me de garantie de qualit\u00e9 o\u00f9 toutes les \u00e9tapes de construction, du projet \u00e0 la remise des cl\u00e9s, sont soumises \u00e0 des contr\u00f4les constants et ininterrompus.<\/p><div style=\"text-align: center; max-width: 800px; margin: auto;\"><p style=\"text-align: center;\"><a class=\"link-orange\" style=\"text-decoration: none; color: #ff7f00;\" href=\"https:\/\/chg.es\/wp-content\/uploads\/2022\/11\/CertificadoER-0552-1996_ES_2021-03-11.pdf\" target=\"_blank\" rel=\"noopener\"><br \/>Certification ISO 9001 <br \/><\/a><\/p><p style=\"text-align: center;\"><a class=\"link-orange\" style=\"text-decoration: none; color: #ff7f00;\" href=\"https:\/\/chg.es\/wp-content\/uploads\/2024\/02\/Anexo-B-Politica-Calidad-formato-web.pdf\" target=\"_blank\" rel=\"noopener\"><br \/>Voir la politique de qualit\u00e9<\/a><\/p><\/div>\t\t\t\t\t\t<\/div>\n\t\t\t\t<\/div>\n\t\t\t\t\t<\/div>\n\t\t<\/div>\n\t\t\t\t<div class=\"elementor-column elementor-col-33 elementor-top-column elementor-element elementor-element-9b2631b\" data-id=\"9b2631b\" data-element_type=\"column\">\n\t\t\t<div class=\"elementor-widget-wrap\">\n\t\t\t\t\t\t\t<\/div>\n\t\t<\/div>\n\t\t\t\t\t<\/div>\n\t\t<\/section>\n\t\t\t\t<\/div>\n\t\t","protected":false},"excerpt":{"rendered":"<p>Nos Garanties CHG Tranquillit\u00e9 et s\u00e9curit\u00e9 d\u00e8s le premier instant. \u00a0\u00a0 Qualit\u00e9 CHG couvre toutes les d\u00e9faillances visibles pendant 12 mois apr\u00e8s la remise des cl\u00e9s. De plus, nous prenons en charge pendant 10 ans d&rsquo;\u00e9ventuels d\u00e9fauts structurels dans les fondations, les murs porteurs et autres \u00e9l\u00e9ments cl\u00e9s. \u00a0\u00a0\u00a0 Prix Fixe Dans cette agence immobili\u00e8re&hellip;<\/p>\n","protected":false},"author":1,"featured_media":0,"parent":0,"menu_order":0,"comment_status":"closed","ping_status":"closed","template":"elementor_header_footer","meta":{"footnotes":""},"class_list":["post-29457","page","type-page","status-publish","hentry"],"yoast_head":"<!-- This site is optimized with the Yoast SEO plugin v22.4 - https:\/\/yoast.com\/wordpress\/plugins\/seo\/ -->\n<title>Garanties CHG - CHG<\/title>\n<meta name=\"description\" content=\"CHG offre diverses garanties \u00e0 ses clients. Notre promotrice immobili\u00e8re est la n\u00ba1 en qualit\u00e9 et services avec une exp\u00e9rience de plusieurs ann\u00e9es\" \/>\n<meta name=\"robots\" content=\"index, follow, max-snippet:-1, max-image-preview:large, max-video-preview:-1\" \/>\n<link rel=\"canonical\" href=\"https:\/\/www.chg.es\/fr\/garanties-chg\" \/>\n<meta property=\"og:locale\" content=\"fr_FR\" \/>\n<meta property=\"og:type\" content=\"article\" \/>\n<meta property=\"og:title\" content=\"Garanties CHG\" \/>\n<meta property=\"og:description\" content=\"CHG offre diverses garanties \u00e0 ses clients. Notre promotrice immobili\u00e8re est la n\u00ba1 en qualit\u00e9 et services avec une exp\u00e9rience de plusieurs ann\u00e9es\" \/>\n<meta property=\"og:url\" content=\"https:\/\/www.chg.es\/fr\/garanties-chg\" \/>\n<meta property=\"og:site_name\" content=\"CHG\" \/>\n<meta property=\"article:publisher\" content=\"https:\/\/www.facebook.com\/chgconstrucciones\/\" \/>\n<meta property=\"article:modified_time\" content=\"2025-02-03T13:02:22+00:00\" \/>\n<meta property=\"og:image\" content=\"https:\/\/chg.es\/wp-content\/uploads\/2025\/01\/IconosCHG_ControlCalidad.png\" \/>\n<meta name=\"twitter:card\" content=\"summary_large_image\" \/>\n<meta name=\"twitter:title\" content=\"Garanties CHG\" \/>\n<meta name=\"twitter:description\" content=\"CHG offre diverses garanties \u00e0 ses clients. Notre promotrice immobili\u00e8re est la n\u00ba1 en qualit\u00e9 et services avec une exp\u00e9rience de plusieurs ann\u00e9es\" \/>\n<meta name=\"twitter:label1\" content=\"Dur\u00e9e de lecture estim\u00e9e\" \/>\n\t<meta name=\"twitter:data1\" content=\"4 minutes\" \/>\n<script type=\"application\/ld+json\" class=\"yoast-schema-graph\">{\"@context\":\"https:\/\/schema.org\",\"@graph\":[{\"@type\":\"WebPage\",\"@id\":\"https:\/\/chg.es\/garanties-chg\",\"url\":\"https:\/\/www.chg.es\/fr\/garanties-chg\",\"name\":\"Garanties CHG - CHG\",\"isPartOf\":{\"@id\":\"https:\/\/chg.es\/en\/#website\"},\"primaryImageOfPage\":{\"@id\":\"https:\/\/www.chg.es\/fr\/garanties-chg#primaryimage\"},\"image\":{\"@id\":\"https:\/\/www.chg.es\/fr\/garanties-chg#primaryimage\"},\"thumbnailUrl\":\"https:\/\/chg.es\/wp-content\/uploads\/2025\/01\/IconosCHG_ControlCalidad.png\",\"datePublished\":\"2022-09-28T11:37:14+00:00\",\"dateModified\":\"2025-02-03T13:02:22+00:00\",\"description\":\"CHG offre diverses garanties \u00e0 ses clients. Notre promotrice immobili\u00e8re est la n\u00ba1 en qualit\u00e9 et services avec une exp\u00e9rience de plusieurs ann\u00e9es\",\"breadcrumb\":{\"@id\":\"https:\/\/www.chg.es\/fr\/garanties-chg#breadcrumb\"},\"inLanguage\":\"fr-FR\",\"potentialAction\":[{\"@type\":\"ReadAction\",\"target\":[\"https:\/\/www.chg.es\/fr\/garanties-chg\"]}]},{\"@type\":\"ImageObject\",\"inLanguage\":\"fr-FR\",\"@id\":\"https:\/\/www.chg.es\/fr\/garanties-chg#primaryimage\",\"url\":\"https:\/\/chg.es\/wp-content\/uploads\/2025\/01\/IconosCHG_ControlCalidad.png\",\"contentUrl\":\"https:\/\/chg.es\/wp-content\/uploads\/2025\/01\/IconosCHG_ControlCalidad.png\"},{\"@type\":\"BreadcrumbList\",\"@id\":\"https:\/\/www.chg.es\/fr\/garanties-chg#breadcrumb\",\"itemListElement\":[{\"@type\":\"ListItem\",\"position\":1,\"name\":\"Home\",\"item\":\"https:\/\/chg.es\/\"},{\"@type\":\"ListItem\",\"position\":2,\"name\":\"Garant\u00edas CHG\"}]},{\"@type\":\"WebSite\",\"@id\":\"https:\/\/chg.es\/en\/#website\",\"url\":\"https:\/\/chg.es\/en\/\",\"name\":\"CHG\",\"description\":\"CHG\",\"publisher\":{\"@id\":\"https:\/\/chg.es\/en\/#organization\"},\"potentialAction\":[{\"@type\":\"SearchAction\",\"target\":{\"@type\":\"EntryPoint\",\"urlTemplate\":\"https:\/\/chg.es\/en\/?s={search_term_string}\"},\"query-input\":\"required name=search_term_string\"}],\"inLanguage\":\"fr-FR\"},{\"@type\":\"Organization\",\"@id\":\"https:\/\/chg.es\/en\/#organization\",\"name\":\"CHG\",\"url\":\"https:\/\/chg.es\/en\/\",\"logo\":{\"@type\":\"ImageObject\",\"inLanguage\":\"fr-FR\",\"@id\":\"https:\/\/chg.es\/en\/#\/schema\/logo\/image\/\",\"url\":\"https:\/\/chg.es\/wp-content\/uploads\/2022\/09\/logo-chg.svg\",\"contentUrl\":\"https:\/\/chg.es\/wp-content\/uploads\/2022\/09\/logo-chg.svg\",\"caption\":\"CHG\"},\"image\":{\"@id\":\"https:\/\/chg.es\/en\/#\/schema\/logo\/image\/\"},\"sameAs\":[\"https:\/\/www.facebook.com\/chgconstrucciones\/\",\"https:\/\/www.instagram.com\/chg.es\/\",\"https:\/\/www.linkedin.com\/company\/construcciones-hispano-germanas\/about\/\"]}]}<\/script>\n<!-- \/ Yoast SEO plugin. -->","yoast_head_json":{"title":"Garanties CHG - CHG","description":"CHG offre diverses garanties \u00e0 ses clients. Notre promotrice immobili\u00e8re est la n\u00ba1 en qualit\u00e9 et services avec une exp\u00e9rience de plusieurs ann\u00e9es","robots":{"index":"index","follow":"follow","max-snippet":"max-snippet:-1","max-image-preview":"max-image-preview:large","max-video-preview":"max-video-preview:-1"},"canonical":"https:\/\/www.chg.es\/fr\/garanties-chg","og_locale":"fr_FR","og_type":"article","og_title":"Garanties CHG","og_description":"CHG offre diverses garanties \u00e0 ses clients. Notre promotrice immobili\u00e8re est la n\u00ba1 en qualit\u00e9 et services avec une exp\u00e9rience de plusieurs ann\u00e9es","og_url":"https:\/\/www.chg.es\/fr\/garanties-chg","og_site_name":"CHG","article_publisher":"https:\/\/www.facebook.com\/chgconstrucciones\/","article_modified_time":"2025-02-03T13:02:22+00:00","og_image":[{"url":"https:\/\/chg.es\/wp-content\/uploads\/2025\/01\/IconosCHG_ControlCalidad.png"}],"twitter_card":"summary_large_image","twitter_title":"Garanties CHG","twitter_description":"CHG offre diverses garanties \u00e0 ses clients. Notre promotrice immobili\u00e8re est la n\u00ba1 en qualit\u00e9 et services avec une exp\u00e9rience de plusieurs ann\u00e9es","twitter_misc":{"Dur\u00e9e de lecture estim\u00e9e":"4 minutes"},"schema":{"@context":"https:\/\/schema.org","@graph":[{"@type":"WebPage","@id":"https:\/\/chg.es\/garanties-chg","url":"https:\/\/www.chg.es\/fr\/garanties-chg","name":"Garanties CHG - CHG","isPartOf":{"@id":"https:\/\/chg.es\/en\/#website"},"primaryImageOfPage":{"@id":"https:\/\/www.chg.es\/fr\/garanties-chg#primaryimage"},"image":{"@id":"https:\/\/www.chg.es\/fr\/garanties-chg#primaryimage"},"thumbnailUrl":"https:\/\/chg.es\/wp-content\/uploads\/2025\/01\/IconosCHG_ControlCalidad.png","datePublished":"2022-09-28T11:37:14+00:00","dateModified":"2025-02-03T13:02:22+00:00","description":"CHG offre diverses garanties \u00e0 ses clients. Notre promotrice immobili\u00e8re est la n\u00ba1 en qualit\u00e9 et services avec une exp\u00e9rience de plusieurs ann\u00e9es","breadcrumb":{"@id":"https:\/\/www.chg.es\/fr\/garanties-chg#breadcrumb"},"inLanguage":"fr-FR","potentialAction":[{"@type":"ReadAction","target":["https:\/\/www.chg.es\/fr\/garanties-chg"]}]},{"@type":"ImageObject","inLanguage":"fr-FR","@id":"https:\/\/www.chg.es\/fr\/garanties-chg#primaryimage","url":"https:\/\/chg.es\/wp-content\/uploads\/2025\/01\/IconosCHG_ControlCalidad.png","contentUrl":"https:\/\/chg.es\/wp-content\/uploads\/2025\/01\/IconosCHG_ControlCalidad.png"},{"@type":"BreadcrumbList","@id":"https:\/\/www.chg.es\/fr\/garanties-chg#breadcrumb","itemListElement":[{"@type":"ListItem","position":1,"name":"Home","item":"https:\/\/chg.es\/"},{"@type":"ListItem","position":2,"name":"Garant\u00edas CHG"}]},{"@type":"WebSite","@id":"https:\/\/chg.es\/en\/#website","url":"https:\/\/chg.es\/en\/","name":"CHG","description":"CHG","publisher":{"@id":"https:\/\/chg.es\/en\/#organization"},"potentialAction":[{"@type":"SearchAction","target":{"@type":"EntryPoint","urlTemplate":"https:\/\/chg.es\/en\/?s={search_term_string}"},"query-input":"required name=search_term_string"}],"inLanguage":"fr-FR"},{"@type":"Organization","@id":"https:\/\/chg.es\/en\/#organization","name":"CHG","url":"https:\/\/chg.es\/en\/","logo":{"@type":"ImageObject","inLanguage":"fr-FR","@id":"https:\/\/chg.es\/en\/#\/schema\/logo\/image\/","url":"https:\/\/chg.es\/wp-content\/uploads\/2022\/09\/logo-chg.svg","contentUrl":"https:\/\/chg.es\/wp-content\/uploads\/2022\/09\/logo-chg.svg","caption":"CHG"},"image":{"@id":"https:\/\/chg.es\/en\/#\/schema\/logo\/image\/"},"sameAs":["https:\/\/www.facebook.com\/chgconstrucciones\/","https:\/\/www.instagram.com\/chg.es\/","https:\/\/www.linkedin.com\/company\/construcciones-hispano-germanas\/about\/"]}]}},"_links":{"self":[{"href":"https:\/\/chg.es\/fr\/wp-json\/wp\/v2\/pages\/29457","targetHints":{"allow":["GET"]}}],"collection":[{"href":"https:\/\/chg.es\/fr\/wp-json\/wp\/v2\/pages"}],"about":[{"href":"https:\/\/chg.es\/fr\/wp-json\/wp\/v2\/types\/page"}],"author":[{"embeddable":true,"href":"https:\/\/chg.es\/fr\/wp-json\/wp\/v2\/users\/1"}],"replies":[{"embeddable":true,"href":"https:\/\/chg.es\/fr\/wp-json\/wp\/v2\/comments?post=29457"}],"version-history":[{"count":0,"href":"https:\/\/chg.es\/fr\/wp-json\/wp\/v2\/pages\/29457\/revisions"}],"wp:attachment":[{"href":"https:\/\/chg.es\/fr\/wp-json\/wp\/v2\/media?parent=29457"}],"curies":[{"name":"wp","href":"https:\/\/api.w.org\/{rel}","templated":true}]}}