{"id":76,"date":"2022-09-28T13:37:14","date_gmt":"2022-09-28T11:37:14","guid":{"rendered":"https:\/\/chg.es\/?page_id=76"},"modified":"2025-01-31T16:32:49","modified_gmt":"2025-01-31T14:32:49","slug":"garantias-de-calidad","status":"publish","type":"page","link":"https:\/\/chg.es\/fr\/garantias-de-calidad","title":{"rendered":"Garant\u00edas CHG"},"content":{"rendered":"\t\t<div data-elementor-type=\"wp-page\" data-elementor-id=\"76\" class=\"elementor elementor-76\" data-elementor-post-type=\"page\">\n\t\t\t\t\t\t<section class=\"elementor-section elementor-top-section elementor-element elementor-element-62aa66a elementor-section-full_width custom-header header-sm elementor-section-content-middle elementor-section-height-default elementor-section-height-default\" data-id=\"62aa66a\" data-element_type=\"section\" data-settings=\"{&quot;background_background&quot;:&quot;classic&quot;}\">\n\t\t\t\t\t\t\t<div class=\"elementor-background-overlay\"><\/div>\n\t\t\t\t\t\t\t<div class=\"elementor-container elementor-column-gap-no\">\n\t\t\t\t\t<div class=\"elementor-column elementor-col-100 elementor-top-column elementor-element elementor-element-25d4e50\" data-id=\"25d4e50\" data-element_type=\"column\">\n\t\t\t<div class=\"elementor-widget-wrap elementor-element-populated\">\n\t\t\t\t\t\t<div class=\"elementor-element elementor-element-b311db4 elementor-widget elementor-widget-heading\" data-id=\"b311db4\" data-element_type=\"widget\" data-widget_type=\"heading.default\">\n\t\t\t\t<div class=\"elementor-widget-container\">\n\t\t\t<h1 class=\"elementor-heading-title elementor-size-default\">Nuestras Garant\u00edas<\/h1>\t\t<\/div>\n\t\t\t\t<\/div>\n\t\t\t\t<div class=\"elementor-element elementor-element-090c0cf elementor-align-center custom-breadcrums no-parent elementor-widget elementor-widget-breadcrumbs\" data-id=\"090c0cf\" data-element_type=\"widget\" data-widget_type=\"breadcrumbs.default\">\n\t\t\t\t<div class=\"elementor-widget-container\">\n\t\t\t<p id=\"breadcrumbs\"><span><span><a href=\"https:\/\/chg.es\/\">Home<\/a><\/span><\/span><\/p>\t\t<\/div>\n\t\t\t\t<\/div>\n\t\t\t\t\t<\/div>\n\t\t<\/div>\n\t\t\t\t\t<\/div>\n\t\t<\/section>\n\t\t\t\t<section class=\"elementor-section elementor-top-section elementor-element elementor-element-694c223 section-descubre elementor-section-boxed elementor-section-height-default elementor-section-height-default\" data-id=\"694c223\" data-element_type=\"section\">\n\t\t\t\t\t\t<div class=\"elementor-container elementor-column-gap-default\">\n\t\t\t\t\t<div class=\"elementor-column elementor-col-100 elementor-top-column elementor-element elementor-element-f3ba5a3\" data-id=\"f3ba5a3\" data-element_type=\"column\">\n\t\t\t<div class=\"elementor-widget-wrap elementor-element-populated\">\n\t\t\t\t\t\t<div class=\"elementor-element elementor-element-a802312 title-logo-bg-sm elementor-widget elementor-widget-heading\" data-id=\"a802312\" data-element_type=\"widget\" data-widget_type=\"heading.default\">\n\t\t\t\t<div class=\"elementor-widget-container\">\n\t\t\t<h2 class=\"elementor-heading-title elementor-size-default\">Tranquilidad y seguridad desde el primer momento<\/h2>\t\t<\/div>\n\t\t\t\t<\/div>\n\t\t\t\t<div class=\"elementor-element elementor-element-cf87109 elementor-widget elementor-widget-text-editor\" data-id=\"cf87109\" data-element_type=\"widget\" data-widget_type=\"text-editor.default\">\n\t\t\t\t<div class=\"elementor-widget-container\">\n\t\t\t\t\t\t\t\t\t\t\t\t\t<\/div>\n\t\t\t\t<\/div>\n\t\t\t\t\t<\/div>\n\t\t<\/div>\n\t\t\t\t\t<\/div>\n\t\t<\/section>\n\t\t\t\t<section class=\"elementor-section elementor-top-section elementor-element elementor-element-f539ba8 elementor-section-boxed elementor-section-height-default elementor-section-height-default\" data-id=\"f539ba8\" data-element_type=\"section\">\n\t\t\t\t\t\t<div class=\"elementor-container elementor-column-gap-default\">\n\t\t\t\t\t<div class=\"elementor-column elementor-col-33 elementor-top-column elementor-element elementor-element-59a7ec2\" data-id=\"59a7ec2\" data-element_type=\"column\">\n\t\t\t<div class=\"elementor-widget-wrap elementor-element-populated\">\n\t\t\t\t\t\t<div class=\"elementor-element elementor-element-2f064d1 elementor-widget elementor-widget-text-editor\" data-id=\"2f064d1\" data-element_type=\"widget\" data-widget_type=\"text-editor.default\">\n\t\t\t\t<div class=\"elementor-widget-container\">\n\t\t\t\t\t\t\t<div>\u00a0<\/div><div>\u00a0<\/div><div style=\"text-align: center; max-width: 800px; margin: auto;\"><p><img decoding=\"async\" style=\"max-width: 100px; margin: 0 auto;\" src=\"https:\/\/chg.es\/wp-content\/uploads\/2025\/01\/IconosCHG_ControlCalidad.png\" alt=\"Control de Calidad CHG\" \/><\/p><h1 style=\"font-size: 2em; color: #000000; margin: 10px 0;\"><strong>Calidad<\/strong><\/h1><p style=\"text-align: justify;\">CHG cubre todas las <strong>deficiencias visibles<\/strong> durante <strong>12 meses<\/strong> tras la entrega de llaves. Adem\u00e1s, nos hacemos cargo durante <strong>10 a\u00f1os<\/strong> de eventuales <strong>defectos estructurales<\/strong> en <strong>cimientos<\/strong>, <strong>muros sustentadores<\/strong> y otros elementos clave.<\/p><\/div>\t\t\t\t\t\t<\/div>\n\t\t\t\t<\/div>\n\t\t\t\t\t<\/div>\n\t\t<\/div>\n\t\t\t\t<div class=\"elementor-column elementor-col-33 elementor-top-column elementor-element elementor-element-72acce3\" data-id=\"72acce3\" data-element_type=\"column\">\n\t\t\t<div class=\"elementor-widget-wrap elementor-element-populated\">\n\t\t\t\t\t\t<div class=\"elementor-element elementor-element-98caeac elementor-widget elementor-widget-text-editor\" data-id=\"98caeac\" data-element_type=\"widget\" data-widget_type=\"text-editor.default\">\n\t\t\t\t<div class=\"elementor-widget-container\">\n\t\t\t\t\t\t\t<div>\u00a0<\/div><div>\u00a0<\/div><div style=\"text-align: center; max-width: 800px; margin: auto;\"><p><img decoding=\"async\" style=\"max-width: 100px; margin: 0 auto;\" src=\"https:\/\/chg.es\/wp-content\/uploads\/2025\/01\/IconosCHG_Agua.png\" alt=\"Agua CHG\" \/><\/p><h1 style=\"font-size: 2em; color: #000000; margin: 10px 0;\"><strong>Agua<\/strong><\/h1><p style=\"text-align: justify;\"><strong>El suministro de agua est\u00e1 garantizado por<\/strong> \u201cAGUAS DE BULLENT, S.A.\u201d, empresa del Grupo CHG, que es propietaria de sus propios pozos. Provee de agua potable de la m\u00e1xima calidad a m\u00e1s de siete mil hogares de Oliva, entre los que se encuentra el complejo Oliva Nova Golf.<\/p><\/div>\t\t\t\t\t\t<\/div>\n\t\t\t\t<\/div>\n\t\t\t\t\t<\/div>\n\t\t<\/div>\n\t\t\t\t<div class=\"elementor-column elementor-col-33 elementor-top-column elementor-element elementor-element-acaaf85\" data-id=\"acaaf85\" data-element_type=\"column\">\n\t\t\t<div class=\"elementor-widget-wrap elementor-element-populated\">\n\t\t\t\t\t\t<div class=\"elementor-element elementor-element-ac9ddab elementor-widget elementor-widget-text-editor\" data-id=\"ac9ddab\" data-element_type=\"widget\" data-widget_type=\"text-editor.default\">\n\t\t\t\t<div class=\"elementor-widget-container\">\n\t\t\t\t\t\t\t<div>\u00a0<\/div><div>\u00a0<\/div><div style=\"text-align: center;max-width: 800px;margin: auto\"><p><img decoding=\"async\" style=\"max-width: 100px;margin: 0 auto\" src=\"https:\/\/chg.es\/wp-content\/uploads\/2025\/01\/IconosCHG_PrecioFijado.png\" alt=\"Precio Fijo CHG\" \/><\/p><h1 style=\"font-size: 2em;color: #000000;margin: 10px 0\"><strong>Precio Fijo<\/strong><\/h1><p style=\"text-align: justify\">En esta inmobiliaria de lujo garantizamos un <strong>precio fijo<\/strong> al firmar el contrato de compra. Desde 1972 no ha habido <strong>ni un solo caso de c\u00e1lculo y facturaci\u00f3n retrospectiva<\/strong>. Nuestros precios <strong>incluyen todos los gastos<\/strong>, como honorarios de arquitectos, permisos, notar\u00eda, y alta de servicios.<\/p><\/div>\t\t\t\t\t\t<\/div>\n\t\t\t\t<\/div>\n\t\t\t\t\t<\/div>\n\t\t<\/div>\n\t\t\t\t\t<\/div>\n\t\t<\/section>\n\t\t\t\t<section class=\"elementor-section elementor-top-section elementor-element elementor-element-892c640 elementor-section-boxed elementor-section-height-default elementor-section-height-default\" data-id=\"892c640\" data-element_type=\"section\">\n\t\t\t\t\t\t<div class=\"elementor-container elementor-column-gap-default\">\n\t\t\t\t\t<div class=\"elementor-column elementor-col-33 elementor-top-column elementor-element elementor-element-46b3c27\" data-id=\"46b3c27\" data-element_type=\"column\">\n\t\t\t<div class=\"elementor-widget-wrap elementor-element-populated\">\n\t\t\t\t\t\t<div class=\"elementor-element elementor-element-a782004 elementor-widget elementor-widget-text-editor\" data-id=\"a782004\" data-element_type=\"widget\" data-widget_type=\"text-editor.default\">\n\t\t\t\t<div class=\"elementor-widget-container\">\n\t\t\t\t\t\t\t<div>\u00a0<\/div><div style=\"text-align: center;max-width: 800px;margin: auto\"><p><img decoding=\"async\" style=\"max-width: 100px;margin: 0 auto\" src=\"https:\/\/chg.es\/wp-content\/uploads\/2025\/01\/IconosCHG_Servicios.png\" alt=\"Servicios CHG\" \/><\/p><h1 style=\"font-size: 2em;color: #000000;margin: 10px 0\"><strong>Servicios<\/strong><\/h1><p style=\"text-align: justify\">Todas las parcelas de CHG disponen de <strong>todos los servicios incluidos<\/strong> en el precio de compra, como construcci\u00f3n de viales, suministro de agua potable, l\u00edneas el\u00e9ctricas y una planta de tratamiento de aguas residuales.<\/p><\/div>\t\t\t\t\t\t<\/div>\n\t\t\t\t<\/div>\n\t\t\t\t\t<\/div>\n\t\t<\/div>\n\t\t\t\t<div class=\"elementor-column elementor-col-33 elementor-top-column elementor-element elementor-element-ea10d05\" data-id=\"ea10d05\" data-element_type=\"column\">\n\t\t\t<div class=\"elementor-widget-wrap elementor-element-populated\">\n\t\t\t\t\t\t<div class=\"elementor-element elementor-element-60dfd5d elementor-widget elementor-widget-text-editor\" data-id=\"60dfd5d\" data-element_type=\"widget\" data-widget_type=\"text-editor.default\">\n\t\t\t\t<div class=\"elementor-widget-container\">\n\t\t\t\t\t\t\t<div>\u00a0<\/div><div style=\"text-align: center;max-width: 800px;margin: auto\"><img decoding=\"async\" style=\"max-width: 100px;margin: 0 auto\" src=\"https:\/\/chg.es\/wp-content\/uploads\/2025\/01\/IconosCHG_Financiera.png\" alt=\"Financiera CHG\" \/><h1 style=\"font-size: 2em;color: #000000;margin: 10px 0\"><strong>Financiera<\/strong><\/h1><p style=\"text-align: justify\">El <strong>capital social del Grupo de Empresas CHG<\/strong>, totalmente desembolsado, y sus fondos propios al 31-12-2017 asciende a 66.619.678 \u20ac.<\/p><\/div>\t\t\t\t\t\t<\/div>\n\t\t\t\t<\/div>\n\t\t\t\t\t<\/div>\n\t\t<\/div>\n\t\t\t\t<div class=\"elementor-column elementor-col-33 elementor-top-column elementor-element elementor-element-63ca599\" data-id=\"63ca599\" data-element_type=\"column\">\n\t\t\t<div class=\"elementor-widget-wrap elementor-element-populated\">\n\t\t\t\t\t\t<div class=\"elementor-element elementor-element-43a2342 elementor-widget elementor-widget-text-editor\" data-id=\"43a2342\" data-element_type=\"widget\" data-widget_type=\"text-editor.default\">\n\t\t\t\t<div class=\"elementor-widget-container\">\n\t\t\t\t\t\t\t<div>\u00a0<\/div><div style=\"text-align: center;max-width: 800px;margin: auto\"><img decoding=\"async\" style=\"max-width: 100px;margin: 0 auto\" src=\"https:\/\/chg.es\/wp-content\/uploads\/2025\/01\/IconosCHG_Escritura.png\" alt=\"Propiedad CHG\" \/><h1 style=\"font-size: 2em;color: #000000;margin: 10px 0\"><strong>Propiedad<\/strong><\/h1><p style=\"text-align: justify\">Garantizamos mediante la escritura de compra-venta, y su posterior inscripci\u00f3n, que quedar\u00e1 usted dado de alta en el <strong>registro de la propiedad<\/strong> como due\u00f1o de la misma <strong>sin cargas ni grav\u00e1menes<\/strong>.<\/p><\/div>\t\t\t\t\t\t<\/div>\n\t\t\t\t<\/div>\n\t\t\t\t\t<\/div>\n\t\t<\/div>\n\t\t\t\t\t<\/div>\n\t\t<\/section>\n\t\t\t\t<section class=\"elementor-section elementor-top-section elementor-element elementor-element-0839462 elementor-section-boxed elementor-section-height-default elementor-section-height-default\" data-id=\"0839462\" data-element_type=\"section\">\n\t\t\t\t\t\t<div class=\"elementor-container elementor-column-gap-default\">\n\t\t\t\t\t<div class=\"elementor-column elementor-col-33 elementor-top-column elementor-element elementor-element-3e67978\" data-id=\"3e67978\" data-element_type=\"column\">\n\t\t\t<div class=\"elementor-widget-wrap elementor-element-populated\">\n\t\t\t\t\t\t<div class=\"elementor-element elementor-element-1991488 elementor-widget elementor-widget-text-editor\" data-id=\"1991488\" data-element_type=\"widget\" data-widget_type=\"text-editor.default\">\n\t\t\t\t<div class=\"elementor-widget-container\">\n\t\t\t\t\t\t\t<div>\u00a0<\/div><div>\u00a0<\/div><div style=\"text-align: center; max-width: 800px; margin: auto;\"><p><img decoding=\"async\" style=\"max-width: 100px; margin: 0 auto;\" src=\"https:\/\/chg.es\/wp-content\/uploads\/2025\/01\/IconosCHG_ExperienciaCHG.png\" alt=\"Experiencia CHG\" \/><\/p><h1 style=\"font-size: 2em; color: #000000; margin: 10px 0;\"><strong>Experiencia CHG<\/strong><\/h1><p style=\"text-align: justify;\">CHG es la <strong>principal inmobiliaria de lujo en la Costa Blanca<\/strong> con actividad probada desde 1972. Nuestros propios aparejadores, arquitectos e ingenieros de obra garantizan los criterios de calidad m\u00e1s exigentes.<\/p><\/div>\t\t\t\t\t\t<\/div>\n\t\t\t\t<\/div>\n\t\t\t\t\t<\/div>\n\t\t<\/div>\n\t\t\t\t<div class=\"elementor-column elementor-col-33 elementor-top-column elementor-element elementor-element-36402ea\" data-id=\"36402ea\" data-element_type=\"column\">\n\t\t\t<div class=\"elementor-widget-wrap elementor-element-populated\">\n\t\t\t\t\t\t<div class=\"elementor-element elementor-element-6ba8956 elementor-widget elementor-widget-text-editor\" data-id=\"6ba8956\" data-element_type=\"widget\" data-widget_type=\"text-editor.default\">\n\t\t\t\t<div class=\"elementor-widget-container\">\n\t\t\t\t\t\t\t<div>\u00a0<\/div><div>\u00a0<\/div><div style=\"text-align: center;max-width: 800px;margin: auto\"><img decoding=\"async\" style=\"max-width: 100px;margin: 0 auto\" src=\"https:\/\/chg.es\/wp-content\/uploads\/2025\/01\/IconosCHG_Seguro.png\" alt=\"Seguro CHG\" \/><h1 style=\"font-size: 2em;color: #000000;margin: 10px 0\"><strong>Certificado ISO 9001<\/strong><\/h1><p style=\"text-align: justify\">Somos la <strong>primera promotora de la Costa Blanca que en noviembre de 1996 recibi\u00f3 la certificaci\u00f3n correspondiente al sistema de control de calidad UNE EN ISO 9001.<\/strong><br \/>Para conservarla y, si fuera preciso, ajustar su alto nivel de calidad, CHG pone en pr\u00e1ctica un sistema de garant\u00eda de calidad donde todas las etapas de construcci\u00f3n, desde el proyecto a la entrega de las llaves, est\u00e1n sometidas a controles constantes e ininterrumpidos.<\/p><p style=\"text-align: center\"><a class=\"link-orange\" style=\"text-decoration: none;color: #ff7f00\" href=\"https:\/\/chg.es\/wp-content\/uploads\/2022\/11\/CertificadoER-0552-1996_ES_2021-03-11.pdf\" target=\"_blank\" rel=\"noopener\"><br \/>Certificado ISO 9001<br \/><\/a><\/p><p style=\"text-align: center\"><a class=\"link-orange\" style=\"text-decoration: none;color: #ff7f00\" href=\"https:\/\/chg.es\/wp-content\/uploads\/2024\/02\/Anexo-B-Politica-Calidad-formato-web.pdf\" target=\"_blank\" rel=\"noopener\"><br \/>Ver Pol\u00edtica de Calidad<br \/><\/a><\/p><\/div>\t\t\t\t\t\t<\/div>\n\t\t\t\t<\/div>\n\t\t\t\t\t<\/div>\n\t\t<\/div>\n\t\t\t\t<div class=\"elementor-column elementor-col-33 elementor-top-column elementor-element elementor-element-bc56786\" data-id=\"bc56786\" data-element_type=\"column\">\n\t\t\t<div class=\"elementor-widget-wrap\">\n\t\t\t\t\t\t\t<\/div>\n\t\t<\/div>\n\t\t\t\t\t<\/div>\n\t\t<\/section>\n\t\t\t\t<\/div>\n\t\t","protected":false},"excerpt":{"rendered":"<p>Nuestras Garant\u00edas Tranquilidad y seguridad desde el primer momento \u00a0\u00a0 Calidad CHG cubre todas las deficiencias visibles durante 12 meses tras la entrega de llaves. Adem\u00e1s, nos hacemos cargo durante 10 a\u00f1os de eventuales defectos estructurales en cimientos, muros sustentadores y otros elementos clave. \u00a0\u00a0 Agua El suministro de agua est\u00e1 garantizado por \u201cAGUAS DE&hellip;<\/p>\n","protected":false},"author":1,"featured_media":0,"parent":0,"menu_order":0,"comment_status":"closed","ping_status":"closed","template":"elementor_header_footer","meta":{"footnotes":""},"class_list":["post-76","page","type-page","status-publish","hentry"],"yoast_head":"<!-- This site is optimized with the Yoast SEO plugin v22.4 - https:\/\/yoast.com\/wordpress\/plugins\/seo\/ -->\n<title>Garant\u00edas CHG - CHG<\/title>\n<meta name=\"description\" content=\"Ofrecemos una amplia carta de garant\u00edas en CHG a nuestros clientes. Nuestra promotora es n\u00ba 1 en calidad y servicio con una experiencia avalada por a\u00f1os\" \/>\n<meta name=\"robots\" content=\"index, follow, max-snippet:-1, max-image-preview:large, max-video-preview:-1\" \/>\n<link rel=\"canonical\" href=\"https:\/\/chg.es\/garantias-de-calidad\" \/>\n<meta property=\"og:locale\" content=\"fr_FR\" \/>\n<meta property=\"og:type\" content=\"article\" \/>\n<meta property=\"og:title\" content=\"Garant\u00edas CHG - CHG\" \/>\n<meta property=\"og:description\" content=\"Ofrecemos una amplia carta de garant\u00edas en CHG a nuestros clientes. Nuestra promotora es n\u00ba 1 en calidad y servicio con una experiencia avalada por a\u00f1os\" \/>\n<meta property=\"og:url\" content=\"https:\/\/chg.es\/garantias-de-calidad\" \/>\n<meta property=\"og:site_name\" content=\"CHG\" \/>\n<meta property=\"article:publisher\" content=\"https:\/\/www.facebook.com\/chgconstrucciones\/\" \/>\n<meta property=\"article:modified_time\" content=\"2025-01-31T14:32:49+00:00\" \/>\n<meta property=\"og:image\" content=\"https:\/\/chg.es\/wp-content\/uploads\/2025\/01\/IconosCHG_ControlCalidad.png\" \/>\n<meta name=\"twitter:card\" content=\"summary_large_image\" \/>\n<meta name=\"twitter:title\" content=\"Garant\u00edas CHG - CHG\" \/>\n<meta name=\"twitter:description\" content=\"Ofrecemos una amplia carta de garant\u00edas en CHG a nuestros clientes. Nuestra promotora es n\u00ba 1 en calidad y servicio con una experiencia avalada por a\u00f1os\" \/>\n<meta name=\"twitter:label1\" content=\"Dur\u00e9e de lecture estim\u00e9e\" \/>\n\t<meta name=\"twitter:data1\" content=\"4 minutes\" \/>\n<script type=\"application\/ld+json\" class=\"yoast-schema-graph\">{\"@context\":\"https:\/\/schema.org\",\"@graph\":[{\"@type\":\"WebPage\",\"@id\":\"https:\/\/chg.es\/garantias-de-calidad\",\"url\":\"https:\/\/chg.es\/garantias-de-calidad\",\"name\":\"Garant\u00edas CHG - CHG\",\"isPartOf\":{\"@id\":\"https:\/\/chg.es\/en\/#website\"},\"primaryImageOfPage\":{\"@id\":\"https:\/\/chg.es\/garantias-de-calidad#primaryimage\"},\"image\":{\"@id\":\"https:\/\/chg.es\/garantias-de-calidad#primaryimage\"},\"thumbnailUrl\":\"https:\/\/chg.es\/wp-content\/uploads\/2025\/01\/IconosCHG_ControlCalidad.png\",\"datePublished\":\"2022-09-28T11:37:14+00:00\",\"dateModified\":\"2025-01-31T14:32:49+00:00\",\"description\":\"Ofrecemos una amplia carta de garant\u00edas en CHG a nuestros clientes. Nuestra promotora es n\u00ba 1 en calidad y servicio con una experiencia avalada por a\u00f1os\",\"breadcrumb\":{\"@id\":\"https:\/\/chg.es\/garantias-de-calidad#breadcrumb\"},\"inLanguage\":\"fr-FR\",\"potentialAction\":[{\"@type\":\"ReadAction\",\"target\":[\"https:\/\/chg.es\/garantias-de-calidad\"]}]},{\"@type\":\"ImageObject\",\"inLanguage\":\"fr-FR\",\"@id\":\"https:\/\/chg.es\/garantias-de-calidad#primaryimage\",\"url\":\"https:\/\/chg.es\/wp-content\/uploads\/2025\/01\/IconosCHG_ControlCalidad.png\",\"contentUrl\":\"https:\/\/chg.es\/wp-content\/uploads\/2025\/01\/IconosCHG_ControlCalidad.png\"},{\"@type\":\"BreadcrumbList\",\"@id\":\"https:\/\/chg.es\/garantias-de-calidad#breadcrumb\",\"itemListElement\":[{\"@type\":\"ListItem\",\"position\":1,\"name\":\"Home\",\"item\":\"https:\/\/chg.es\/\"},{\"@type\":\"ListItem\",\"position\":2,\"name\":\"Garant\u00edas CHG\"}]},{\"@type\":\"WebSite\",\"@id\":\"https:\/\/chg.es\/en\/#website\",\"url\":\"https:\/\/chg.es\/en\/\",\"name\":\"CHG\",\"description\":\"CHG\",\"publisher\":{\"@id\":\"https:\/\/chg.es\/en\/#organization\"},\"potentialAction\":[{\"@type\":\"SearchAction\",\"target\":{\"@type\":\"EntryPoint\",\"urlTemplate\":\"https:\/\/chg.es\/en\/?s={search_term_string}\"},\"query-input\":\"required name=search_term_string\"}],\"inLanguage\":\"fr-FR\"},{\"@type\":\"Organization\",\"@id\":\"https:\/\/chg.es\/en\/#organization\",\"name\":\"CHG\",\"url\":\"https:\/\/chg.es\/en\/\",\"logo\":{\"@type\":\"ImageObject\",\"inLanguage\":\"fr-FR\",\"@id\":\"https:\/\/chg.es\/en\/#\/schema\/logo\/image\/\",\"url\":\"https:\/\/chg.es\/wp-content\/uploads\/2022\/09\/logo-chg.svg\",\"contentUrl\":\"https:\/\/chg.es\/wp-content\/uploads\/2022\/09\/logo-chg.svg\",\"caption\":\"CHG\"},\"image\":{\"@id\":\"https:\/\/chg.es\/en\/#\/schema\/logo\/image\/\"},\"sameAs\":[\"https:\/\/www.facebook.com\/chgconstrucciones\/\",\"https:\/\/www.instagram.com\/chg.es\/\",\"https:\/\/www.linkedin.com\/company\/construcciones-hispano-germanas\/about\/\"]}]}<\/script>\n<!-- \/ Yoast SEO plugin. -->","yoast_head_json":{"title":"Garant\u00edas CHG - CHG","description":"Ofrecemos una amplia carta de garant\u00edas en CHG a nuestros clientes. Nuestra promotora es n\u00ba 1 en calidad y servicio con una experiencia avalada por a\u00f1os","robots":{"index":"index","follow":"follow","max-snippet":"max-snippet:-1","max-image-preview":"max-image-preview:large","max-video-preview":"max-video-preview:-1"},"canonical":"https:\/\/chg.es\/garantias-de-calidad","og_locale":"fr_FR","og_type":"article","og_title":"Garant\u00edas CHG - CHG","og_description":"Ofrecemos una amplia carta de garant\u00edas en CHG a nuestros clientes. Nuestra promotora es n\u00ba 1 en calidad y servicio con una experiencia avalada por a\u00f1os","og_url":"https:\/\/chg.es\/garantias-de-calidad","og_site_name":"CHG","article_publisher":"https:\/\/www.facebook.com\/chgconstrucciones\/","article_modified_time":"2025-01-31T14:32:49+00:00","og_image":[{"url":"https:\/\/chg.es\/wp-content\/uploads\/2025\/01\/IconosCHG_ControlCalidad.png"}],"twitter_card":"summary_large_image","twitter_title":"Garant\u00edas CHG - CHG","twitter_description":"Ofrecemos una amplia carta de garant\u00edas en CHG a nuestros clientes. Nuestra promotora es n\u00ba 1 en calidad y servicio con una experiencia avalada por a\u00f1os","twitter_misc":{"Dur\u00e9e de lecture estim\u00e9e":"4 minutes"},"schema":{"@context":"https:\/\/schema.org","@graph":[{"@type":"WebPage","@id":"https:\/\/chg.es\/garantias-de-calidad","url":"https:\/\/chg.es\/garantias-de-calidad","name":"Garant\u00edas CHG - CHG","isPartOf":{"@id":"https:\/\/chg.es\/en\/#website"},"primaryImageOfPage":{"@id":"https:\/\/chg.es\/garantias-de-calidad#primaryimage"},"image":{"@id":"https:\/\/chg.es\/garantias-de-calidad#primaryimage"},"thumbnailUrl":"https:\/\/chg.es\/wp-content\/uploads\/2025\/01\/IconosCHG_ControlCalidad.png","datePublished":"2022-09-28T11:37:14+00:00","dateModified":"2025-01-31T14:32:49+00:00","description":"Ofrecemos una amplia carta de garant\u00edas en CHG a nuestros clientes. Nuestra promotora es n\u00ba 1 en calidad y servicio con una experiencia avalada por a\u00f1os","breadcrumb":{"@id":"https:\/\/chg.es\/garantias-de-calidad#breadcrumb"},"inLanguage":"fr-FR","potentialAction":[{"@type":"ReadAction","target":["https:\/\/chg.es\/garantias-de-calidad"]}]},{"@type":"ImageObject","inLanguage":"fr-FR","@id":"https:\/\/chg.es\/garantias-de-calidad#primaryimage","url":"https:\/\/chg.es\/wp-content\/uploads\/2025\/01\/IconosCHG_ControlCalidad.png","contentUrl":"https:\/\/chg.es\/wp-content\/uploads\/2025\/01\/IconosCHG_ControlCalidad.png"},{"@type":"BreadcrumbList","@id":"https:\/\/chg.es\/garantias-de-calidad#breadcrumb","itemListElement":[{"@type":"ListItem","position":1,"name":"Home","item":"https:\/\/chg.es\/"},{"@type":"ListItem","position":2,"name":"Garant\u00edas CHG"}]},{"@type":"WebSite","@id":"https:\/\/chg.es\/en\/#website","url":"https:\/\/chg.es\/en\/","name":"CHG","description":"CHG","publisher":{"@id":"https:\/\/chg.es\/en\/#organization"},"potentialAction":[{"@type":"SearchAction","target":{"@type":"EntryPoint","urlTemplate":"https:\/\/chg.es\/en\/?s={search_term_string}"},"query-input":"required name=search_term_string"}],"inLanguage":"fr-FR"},{"@type":"Organization","@id":"https:\/\/chg.es\/en\/#organization","name":"CHG","url":"https:\/\/chg.es\/en\/","logo":{"@type":"ImageObject","inLanguage":"fr-FR","@id":"https:\/\/chg.es\/en\/#\/schema\/logo\/image\/","url":"https:\/\/chg.es\/wp-content\/uploads\/2022\/09\/logo-chg.svg","contentUrl":"https:\/\/chg.es\/wp-content\/uploads\/2022\/09\/logo-chg.svg","caption":"CHG"},"image":{"@id":"https:\/\/chg.es\/en\/#\/schema\/logo\/image\/"},"sameAs":["https:\/\/www.facebook.com\/chgconstrucciones\/","https:\/\/www.instagram.com\/chg.es\/","https:\/\/www.linkedin.com\/company\/construcciones-hispano-germanas\/about\/"]}]}},"_links":{"self":[{"href":"https:\/\/chg.es\/fr\/wp-json\/wp\/v2\/pages\/76","targetHints":{"allow":["GET"]}}],"collection":[{"href":"https:\/\/chg.es\/fr\/wp-json\/wp\/v2\/pages"}],"about":[{"href":"https:\/\/chg.es\/fr\/wp-json\/wp\/v2\/types\/page"}],"author":[{"embeddable":true,"href":"https:\/\/chg.es\/fr\/wp-json\/wp\/v2\/users\/1"}],"replies":[{"embeddable":true,"href":"https:\/\/chg.es\/fr\/wp-json\/wp\/v2\/comments?post=76"}],"version-history":[{"count":0,"href":"https:\/\/chg.es\/fr\/wp-json\/wp\/v2\/pages\/76\/revisions"}],"wp:attachment":[{"href":"https:\/\/chg.es\/fr\/wp-json\/wp\/v2\/media?parent=76"}],"curies":[{"name":"wp","href":"https:\/\/api.w.org\/{rel}","templated":true}]}}